{"id":9662,"date":"2022-11-04T11:05:16","date_gmt":"2022-11-04T09:05:16","guid":{"rendered":"https:\/\/ifnm.de\/blog\/?page_id=9662"},"modified":"2025-01-27T11:16:18","modified_gmt":"2025-01-27T09:16:18","slug":"sz-wettbewerb-informationen","status":"publish","type":"page","link":"https:\/\/ifnm.de\/blog\/schuelerzeitung\/schuelerzeitungwettbewerb\/sz-wettbewerb-informationen\/","title":{"rendered":"SZ- Wettbewerb Informationen"},"content":{"rendered":"<p><div class=\"fusion-fullwidth fullwidth-box fusion-builder-row-1 fusion-flex-container nonhundred-percent-fullwidth non-hundred-percent-height-scrolling\" style=\"background-color: rgba(255,255,255,0);background-position: center center;background-repeat: no-repeat;border-width: 0px 0px 0px 0px;border-color:#eae9e9;border-style:solid;\" ><div class=\"fusion-builder-row fusion-row fusion-flex-align-items-flex-start\" style=\"max-width:1206.4px;margin-left: calc(-4% \/ 2 );margin-right: calc(-4% \/ 2 );\"><div class=\"fusion-layout-column fusion_builder_column fusion-builder-column-0 fusion_builder_column_1_1 1_1 fusion-flex-column\"><div class=\"fusion-column-wrapper fusion-flex-justify-content-flex-start fusion-content-layout-column\" style=\"background-position:left top;background-repeat:no-repeat;-webkit-background-size:cover;-moz-background-size:cover;-o-background-size:cover;background-size:cover;padding: 0px 0px 0px 0px;\"><style type=\"text\/css\">@media only screen and (max-width:1024px) {.fusion-title.fusion-title-1{margin-top:0px!important; margin-right:0px!important;margin-bottom:30px!important;margin-left:0px!important;}}@media only screen and (max-width:640px) {.fusion-title.fusion-title-1{margin-top:0px!important; margin-right:0px!important;margin-bottom:20px!important; margin-left:0px!important;}}<\/style><div class=\"fusion-title title fusion-title-1 fusion-sep-none fusion-title-text fusion-title-size-one\" style=\"margin-top:0px;margin-right:0px;margin-bottom:30px;margin-left:0px;\"><h1 class=\"title-heading-left\" style=\"margin:0;\"><h1>20. Sch\u00fclerzeitungswettbewerb 2024\/25 MV<\/h1><\/h1><\/div><div class=\"fusion-text fusion-text-1\" style=\"font-size:16px;\"><p>Der <strong>Sch\u00fclerzeitungswettbewerb Mecklenburg-Vorpommern<\/strong> ist DIE Gelegenheit f\u00fcr junge Nachwuchsjournalistinnen und -journalisten, ihre Kreativit\u00e4t, ihr Engagement und ihr redaktionelles Talent unter Beweis zu stellen. Teilnehmen k\u00f6nnen alle Sch\u00fclerzeitungsredaktionen im Bundesland \u2013 von Grundschulen \u00fcber weiterf\u00fchrende Schulen bis hin zu berufsbildenden Schulen. Eine Fachjury bewertet die eingereichten Ausgaben nach Kriterien wie Themenvielfalt, journalistische Qualit\u00e4t und kreative Gestaltung. Neben attraktiven Preisen bietet der Wettbewerb auch die Chance, sich f\u00fcr den bundesweiten Sch\u00fclerzeitungswettbewerb zu qualifizieren. Ziel ist es, die Bedeutung von Meinungsfreiheit, Teamarbeit und journalistischem Handwerk zu f\u00f6rdern und die Stimme der Jugend zu st\u00e4rken.<\/p>\n<\/div><style type=\"text\/css\">@media only screen and (max-width:1024px) {.fusion-title.fusion-title-2{margin-top:0px!important; margin-right:0px!important;margin-bottom:30px!important;margin-left:0px!important;}}@media only screen and (max-width:640px) {.fusion-title.fusion-title-2{margin-top:0px!important; margin-right:0px!important;margin-bottom:20px!important; margin-left:0px!important;}}<\/style><div class=\"fusion-title title fusion-title-2 fusion-sep-none fusion-title-text fusion-title-size-one\" style=\"margin-top:0px;margin-right:0px;margin-bottom:30px;margin-left:0px;\"><h1 class=\"title-heading-left\" style=\"margin:0;\"><h3><strong>Insgesamt haben wir dieses Jahr<\/strong> <b>39 Einreichungen aus ganz Mecklenburg-Vorpommern &#8211; so viele wie schon lange nicht mehr! Wir sind ganz begeistert!!!<br \/>\n<\/b><\/h3>\n<p>Woher die eingereichten Sch\u00fclerzeitungen kommen? Seht selbst:<\/p><\/h1><\/div><div ><span class=\" fusion-imageframe imageframe-none imageframe-1 hover-type-none\"><img decoding=\"async\" width=\"1080\" height=\"1080\" title=\"3\" src=\"https:\/\/ifnm.de\/blog\/wp-content\/uploads\/2025\/01\/3-1.jpg\" class=\"img-responsive wp-image-11082\" srcset=\"https:\/\/ifnm.de\/blog\/wp-content\/uploads\/2025\/01\/3-1-200x200.jpg 200w, https:\/\/ifnm.de\/blog\/wp-content\/uploads\/2025\/01\/3-1-400x400.jpg 400w, https:\/\/ifnm.de\/blog\/wp-content\/uploads\/2025\/01\/3-1-600x600.jpg 600w, https:\/\/ifnm.de\/blog\/wp-content\/uploads\/2025\/01\/3-1-800x800.jpg 800w, https:\/\/ifnm.de\/blog\/wp-content\/uploads\/2025\/01\/3-1.jpg 1080w\" sizes=\"(max-width: 1024px) 100vw, (max-width: 640px) 100vw, 1080px\" \/><\/span><\/div><div class=\"fusion-text fusion-text-2\"><h3 style=\"text-align: left;\">Vielen Dank an alle, die eingereicht haben:<\/h3>\n<h4>&nbsp;<\/h4>\n<h4 style=\"text-align: left;\">Grundschulen<\/h4>\n<p style=\"text-align: left;\">Grundschule Malower Loris<br \/>\nGrundschule Stadt Usedom<br \/>\nEvangelische G. Neustrelitz<br \/>\nGrundschule am Rugard Bergen auf R\u00fcgen<br \/>\nMontessori-Grundschule \u201eLambrecht Steinwich\u201c Stralsund<span class=\"Apple-converted-space\"><br \/>\n<\/span>Grundschule Binz \u2013 K\u00fcstenkinder e.V.<span class=\"Apple-converted-space\"><br \/>\n<\/span>Storchenschule Cammin,<span class=\"Apple-converted-space\">&nbsp;<\/span>Evangelisches Schulzentrum Martinschule<span class=\"Apple-converted-space\"><br \/>\n<\/span>Warnowschule Papendorf<span class=\"Apple-converted-space\"><br \/>\n<\/span>Werner-Lindemann-Schule Rostock<\/p>\n<hr>\n<h4 style=\"text-align: left;\"><span class=\"Apple-converted-space\">F\u00f6rderschulen<\/span><\/h4>\n<p style=\"text-align: left;\"><span class=\"Apple-converted-space\">Schule am Stettiner Haff Zirchow<br \/>\n<\/span><span class=\"Apple-converted-space\">F\u00f6rderzentrum Johann Heinrich Pestalozzi Ribnitz-Damgarten<br \/>\nAlbert Schweizer Schule Schwerin<br \/>\n\u00fcberregionales F\u00f6rderzentrum Sehen Neukloster<br \/>\nMecklenburgisches F\u00f6rderzentrum Schwerin<\/span><\/p>\n<hr>\n<h4 style=\"text-align: left;\">Regionale Schulen<\/h4>\n<p>Regionale Schule \u201eAm Teufelstein\u201c<span class=\"Apple-converted-space\"> Lubmin<br \/>\n<\/span>Regionale Schule mit Grundschule Gingst<span class=\"Apple-converted-space\"><br \/>\n<\/span>Regionale Schule Banzkow<br \/>\nJenaplanschule Rostock<span class=\"Apple-converted-space\"><br \/>\n<\/span>Regionale Schule Ernst Moritz Arndt<span class=\"Apple-converted-space\"> Greifswald<br \/>\n<\/span>Professor-Franz-Bunke-Schule Schwaan<span class=\"Apple-converted-space\"><br \/>\n<\/span><span class=\"Apple-converted-space\"><br \/>\n<\/span><\/p>\n<hr>\n<h4 style=\"text-align: left;\">Gymnasien<\/h4>\n<p style=\"text-align: left;\">Das gymnasiale Schulzentrum Barth<br \/>\nRichard-Wossidlo-Gymnasium<span class=\"Apple-converted-space\"> Ribnitz-Damgarten<br \/>\n<\/span>Frederico-Francisceum Gymnasium<span class=\"Apple-converted-space\"> Bad Doberan<br \/>\n<\/span>Werkstattschule in Rostock<span class=\"Apple-converted-space\">&nbsp;<br \/>\n<\/span>Greenhouse School Graal-M\u00fcritz<span class=\"Apple-converted-space\"><br \/>\n<\/span>privates Internatsgymnasium Schloss Torgelow<span class=\"Apple-converted-space\"><br \/>\n<\/span>Gymnasium Fridericianum<span class=\"Apple-converted-space\"> Schwerin<br \/>\n<\/span>Musikgymnasium K\u00e4the Kollwitz<span class=\"Apple-converted-space\"> Rostock<br \/>\n<\/span>Geschwister Scholl Gymnasium<span class=\"Apple-converted-space\"> B\u00fctzow<br \/>\n<\/span>Innerst\u00e4dtisches Gymnasium Rostock<span class=\"Apple-converted-space\"><br \/>\n<\/span>Gymnasiales Schulzentrum Wittenburg<span class=\"Apple-converted-space\"><br \/>\n<\/span>Fritze-Greve-Gymnasium Malchin<span class=\"Apple-converted-space\"><br \/>\n<\/span>Gymnasium am Sonnberg<span class=\"Apple-converted-space\"> Crivitz<br \/>\n<\/span>Gymnasium Sanitz<br \/>\nSchlossgymnasium G\u00fctzkow<span class=\"Apple-converted-space\"><br \/>\n<\/span>Gymnasium &#8220;Alexander von Humboldt&#8221;<span class=\"Apple-converted-space\"> Greifswald<br \/>\n<\/span>Gymnasium Reutershagen &#8211; Europaschule \u2013 Rostock<span class=\"Apple-converted-space\"><br \/>\n<\/span>Recknitz Campus Laage<span class=\"Apple-converted-space\"><br \/>\n<\/span><\/p>\n<\/div><\/div><style type=\"text\/css\">.fusion-body .fusion-builder-column-0{width:100% !important;margin-top : 0px;margin-bottom : 20px;}.fusion-builder-column-0 > .fusion-column-wrapper {padding-top : 0px !important;padding-right : 0px !important;margin-right : 1.92%;padding-bottom : 0px !important;padding-left : 0px !important;margin-left : 1.92%;}@media only screen and (max-width:1024px) {.fusion-body .fusion-builder-column-0{width:100% !important;order : 0;}.fusion-builder-column-0 > .fusion-column-wrapper {margin-right : 1.92%;margin-left : 1.92%;}}@media only screen and (max-width:640px) {.fusion-body .fusion-builder-column-0{width:100% !important;order : 0;}.fusion-builder-column-0 > .fusion-column-wrapper {margin-right : 1.92%;margin-left : 1.92%;}}<\/style><\/div><\/div><style type=\"text\/css\">.fusion-body .fusion-flex-container.fusion-builder-row-1{ padding-top : 0px;margin-top : 0px;padding-right : 0px;padding-bottom : 0px;margin-bottom : 25px;padding-left : 0px;}<\/style><\/div><div class=\"fusion-fullwidth fullwidth-box fusion-builder-row-2 fusion-flex-container nonhundred-percent-fullwidth non-hundred-percent-height-scrolling\" style=\"background-color: rgba(255,255,255,0);background-position: center center;background-repeat: no-repeat;border-width: 0px 0px 0px 0px;border-color:#eae9e9;border-style:solid;\" ><div class=\"fusion-builder-row fusion-row fusion-flex-align-items-flex-start\" style=\"max-width:1206.4px;margin-left: calc(-4% \/ 2 );margin-right: calc(-4% \/ 2 );\"><div class=\"fusion-layout-column fusion_builder_column fusion-builder-column-1 fusion_builder_column_1_1 1_1 fusion-flex-column\"><div class=\"fusion-column-wrapper fusion-flex-justify-content-flex-start fusion-content-layout-column\" style=\"background-position:left top;background-repeat:no-repeat;-webkit-background-size:cover;-moz-background-size:cover;-o-background-size:cover;background-size:cover;padding: 0px 0px 0px 0px;\"><div class=\"fusion-separator fusion-full-width-sep\" style=\"align-self: center;margin-left: auto;margin-right: auto;width:100%;\"><div class=\"fusion-separator-border sep-double\" style=\"border-color:#e0dede;border-top-width:1px;border-bottom-width:1px;\"><\/div><\/div><div class=\"fusion-text fusion-text-3\"><h1>Preisverleihung<\/h1>\n<p>&nbsp;<\/p>\n<\/div><div class=\"fusion-text fusion-text-4\"><p>Die Preisverleihung findet in diesem Jahr<\/p>\n<h4>am 05. M\u00e4rz 2025<\/h4>\n<h4>um 10.00 Uhr<\/h4>\n<h4>in der Aula der Universit\u00e4t Greifswald<\/h4>\n<p>statt.<\/p>\n<\/div><div class=\"fusion-separator fusion-full-width-sep\" style=\"align-self: center;margin-left: auto;margin-right: auto;width:100%;\"><div class=\"fusion-separator-border sep-double\" style=\"border-color:#e0dede;border-top-width:1px;border-bottom-width:1px;\"><\/div><\/div><div class=\"fusion-text fusion-text-5\"><h1>Jury<\/h1>\n<\/div><div class=\"fusion-text fusion-text-6\" style=\"font-size:12px;\"><p>&nbsp;<\/p>\n<div id=\"attachment_11214\" style=\"width: 2570px\" class=\"wp-caption alignnone\"><a href=\"https:\/\/ifnm.de\/blog\/wp-content\/uploads\/2025\/01\/IMG_6975-scaled.jpeg\"><img decoding=\"async\" aria-describedby=\"caption-attachment-11214\" class=\"wp-image-11214 size-full\" src=\"https:\/\/ifnm.de\/blog\/wp-content\/uploads\/2025\/01\/IMG_6975-scaled.jpeg\" alt=\"\" width=\"2560\" height=\"1707\" srcset=\"https:\/\/ifnm.de\/blog\/wp-content\/uploads\/2025\/01\/IMG_6975-200x133.jpeg 200w, https:\/\/ifnm.de\/blog\/wp-content\/uploads\/2025\/01\/IMG_6975-300x200.jpeg 300w, https:\/\/ifnm.de\/blog\/wp-content\/uploads\/2025\/01\/IMG_6975-400x267.jpeg 400w, https:\/\/ifnm.de\/blog\/wp-content\/uploads\/2025\/01\/IMG_6975-600x400.jpeg 600w, https:\/\/ifnm.de\/blog\/wp-content\/uploads\/2025\/01\/IMG_6975-768x512.jpeg 768w, https:\/\/ifnm.de\/blog\/wp-content\/uploads\/2025\/01\/IMG_6975-800x533.jpeg 800w, https:\/\/ifnm.de\/blog\/wp-content\/uploads\/2025\/01\/IMG_6975-1024x683.jpeg 1024w, https:\/\/ifnm.de\/blog\/wp-content\/uploads\/2025\/01\/IMG_6975-1200x800.jpeg 1200w, https:\/\/ifnm.de\/blog\/wp-content\/uploads\/2025\/01\/IMG_6975-1536x1024.jpeg 1536w, https:\/\/ifnm.de\/blog\/wp-content\/uploads\/2025\/01\/IMG_6975-scaled.jpeg 2560w\" sizes=\"(max-width: 2560px) 100vw, 2560px\" \/><\/a><p id=\"caption-attachment-11214\" class=\"wp-caption-text\"><em>(die diesj\u00e4hrige Jury auf einen Blick: Christine Kirchner vom Bildungsministerium, Simon Voigt vom Nordkurier, Nadine Saalfeld von der Medienwerkstatt Rostock, Corinna Pfaff vom Deutschen Journalistenverband MV, Nina Roschild als Alumni, Andr\u00e9 Zabel von der Landeszentrale f\u00fcr politische Bildung MV, Caroline Wenndorff vom Nordkurier, Klaus Amberger von der Ostseezeitung, Cornelia Eigler von der LiSZ\/MedienwerkstattRostock, Leon Pascal Emmrich von der Medienwerkstatt Rostock, Martje Rust von KATAPULT MV &#8211; nicht im Bild: Frauke Fleischer vom Landesmarketing MV)<\/em><\/p><\/div>\n<\/div><div class=\"fusion-text fusion-text-7\"><p>Die Jurysitzung fand am 23. Januar 2025 in der FRIEDA23 in Rostock statt. Es wurde gelesen, geredet, debattiert&#8230;und die Preise festgelegt! Wer einen der begehrten Pl\u00e4tze erh\u00e4lt, ist aber noch streng geheim! Auf der Preisverleihung am 05. M\u00e4rz 2025 in Greifswald wird das Geheimnis gel\u00fcftet&#8230;<\/p>\n<p>Wer bis zur Verk\u00fcndung der Preise bei der Ehrungsfeier am 05. M\u00e4rz 2025 nicht warten kann, kann sich mit unserem R\u00fcckblick aus dem Jahr 2024 die Zeit vertreiben.<\/p>\n<\/div><div ><style type=\"text\/css\">.fusion-button.button-1 {border-radius:0px;}<\/style><a class=\"fusion-button button-flat fusion-button-default-size button-default button-1 fusion-button-default-span fusion-button-default-type\" target=\"_self\" href=\"https:\/\/ifnm.de\/blog\/rueckblick-2024-szwb\/\"><span class=\"fusion-button-text\">R\u00fcckblick 2023\/24<\/span><\/a><\/div><\/div><style type=\"text\/css\">.fusion-body .fusion-builder-column-1{width:100% !important;margin-top : 0px;margin-bottom : 20px;}.fusion-builder-column-1 > .fusion-column-wrapper {padding-top : 0px !important;padding-right : 0px !important;margin-right : 1.92%;padding-bottom : 0px !important;padding-left : 0px !important;margin-left : 1.92%;}@media only screen and (max-width:1024px) {.fusion-body .fusion-builder-column-1{width:100% !important;order : 0;}.fusion-builder-column-1 > .fusion-column-wrapper {margin-right : 1.92%;margin-left : 1.92%;}}@media only screen and (max-width:640px) {.fusion-body .fusion-builder-column-1{width:100% !important;order : 0;}.fusion-builder-column-1 > .fusion-column-wrapper {margin-right : 1.92%;margin-left : 1.92%;}}<\/style><\/div><\/div><style type=\"text\/css\">.fusion-body .fusion-flex-container.fusion-builder-row-2{ padding-top : 0px;margin-top : 25px;padding-right : 0px;padding-bottom : 0px;margin-bottom : 25px;padding-left : 0px;}<\/style><\/div><\/p>\n","protected":false},"excerpt":{"rendered":"","protected":false},"author":23,"featured_media":0,"parent":9181,"menu_order":0,"comment_status":"closed","ping_status":"closed","template":"","meta":{"om_disable_all_campaigns":false,"inline_featured_image":false,"_mi_skip_tracking":false,"_monsterinsights_sitenote_active":false,"_monsterinsights_sitenote_note":"","_monsterinsights_sitenote_category":0,"ngg_post_thumbnail":0,"footnotes":"","_links_to":"","_links_to_target":""},"class_list":["post-9662","page","type-page","status-publish","hentry"],"yoast_head":"<!-- This site is optimized with the Yoast SEO plugin v18.5.1 - https:\/\/yoast.com\/wordpress\/plugins\/seo\/ -->\n<title>SZ- Wettbewerb Informationen - institut f\u00fcr neue medien<\/title>\n<meta name=\"robots\" content=\"index, follow, max-snippet:-1, max-image-preview:large, max-video-preview:-1\" \/>\n<link rel=\"canonical\" href=\"https:\/\/ifnm.de\/blog\/schuelerzeitung\/schuelerzeitungwettbewerb\/sz-wettbewerb-informationen\/\" \/>\n<meta property=\"og:locale\" content=\"de_DE\" \/>\n<meta property=\"og:type\" content=\"article\" \/>\n<meta property=\"og:title\" content=\"SZ- Wettbewerb Informationen - institut f\u00fcr neue medien\" \/>\n<meta property=\"og:url\" content=\"https:\/\/ifnm.de\/blog\/schuelerzeitung\/schuelerzeitungwettbewerb\/sz-wettbewerb-informationen\/\" \/>\n<meta property=\"og:site_name\" content=\"institut f\u00fcr neue medien\" \/>\n<meta property=\"article:modified_time\" content=\"2025-01-27T09:16:18+00:00\" \/>\n<meta property=\"og:image\" content=\"https:\/\/ifnm.de\/blog\/wp-content\/uploads\/2025\/01\/IMG_6975-scaled.jpeg\" \/>\n<meta name=\"twitter:label1\" content=\"Gesch\u00e4tzte Lesezeit\" \/>\n\t<meta name=\"twitter:data1\" content=\"8\u00a0Minuten\" \/>\n<script type=\"application\/ld+json\" class=\"yoast-schema-graph\">{\"@context\":\"https:\/\/schema.org\",\"@graph\":[{\"@type\":\"WebSite\",\"@id\":\"https:\/\/ifnm.de\/blog\/#website\",\"url\":\"https:\/\/ifnm.de\/blog\/\",\"name\":\"institut f\u00fcr neue medien\",\"description\":\"freie bildungsgesellschaft gGmbH\",\"potentialAction\":[{\"@type\":\"SearchAction\",\"target\":{\"@type\":\"EntryPoint\",\"urlTemplate\":\"https:\/\/ifnm.de\/blog\/?s={search_term_string}\"},\"query-input\":\"required name=search_term_string\"}],\"inLanguage\":\"de\"},{\"@type\":\"ImageObject\",\"@id\":\"https:\/\/ifnm.de\/blog\/schuelerzeitung\/schuelerzeitungwettbewerb\/sz-wettbewerb-informationen\/#primaryimage\",\"inLanguage\":\"de\",\"url\":\"https:\/\/ifnm.de\/blog\/wp-content\/uploads\/2025\/01\/IMG_6975-scaled.jpeg\",\"contentUrl\":\"https:\/\/ifnm.de\/blog\/wp-content\/uploads\/2025\/01\/IMG_6975-scaled.jpeg\",\"width\":2560,\"height\":1707},{\"@type\":\"WebPage\",\"@id\":\"https:\/\/ifnm.de\/blog\/schuelerzeitung\/schuelerzeitungwettbewerb\/sz-wettbewerb-informationen\/#webpage\",\"url\":\"https:\/\/ifnm.de\/blog\/schuelerzeitung\/schuelerzeitungwettbewerb\/sz-wettbewerb-informationen\/\",\"name\":\"SZ- Wettbewerb Informationen - institut f\u00fcr neue medien\",\"isPartOf\":{\"@id\":\"https:\/\/ifnm.de\/blog\/#website\"},\"primaryImageOfPage\":{\"@id\":\"https:\/\/ifnm.de\/blog\/schuelerzeitung\/schuelerzeitungwettbewerb\/sz-wettbewerb-informationen\/#primaryimage\"},\"datePublished\":\"2022-11-04T09:05:16+00:00\",\"dateModified\":\"2025-01-27T09:16:18+00:00\",\"breadcrumb\":{\"@id\":\"https:\/\/ifnm.de\/blog\/schuelerzeitung\/schuelerzeitungwettbewerb\/sz-wettbewerb-informationen\/#breadcrumb\"},\"inLanguage\":\"de\",\"potentialAction\":[{\"@type\":\"ReadAction\",\"target\":[\"https:\/\/ifnm.de\/blog\/schuelerzeitung\/schuelerzeitungwettbewerb\/sz-wettbewerb-informationen\/\"]}]},{\"@type\":\"BreadcrumbList\",\"@id\":\"https:\/\/ifnm.de\/blog\/schuelerzeitung\/schuelerzeitungwettbewerb\/sz-wettbewerb-informationen\/#breadcrumb\",\"itemListElement\":[{\"@type\":\"ListItem\",\"position\":1,\"name\":\"Home\",\"item\":\"https:\/\/ifnm.de\/blog\/\"},{\"@type\":\"ListItem\",\"position\":2,\"name\":\"Sch\u00fclerzeitung\",\"item\":\"https:\/\/ifnm.de\/blog\/schuelerzeitung\/\"},{\"@type\":\"ListItem\",\"position\":3,\"name\":\"Sch\u00fclerzeitungwettbewerb\",\"item\":\"https:\/\/ifnm.de\/blog\/schuelerzeitung\/schuelerzeitungwettbewerb\/\"},{\"@type\":\"ListItem\",\"position\":4,\"name\":\"SZ- Wettbewerb Informationen\"}]}]}<\/script>\n<!-- \/ Yoast SEO plugin. -->","yoast_head_json":{"title":"SZ- Wettbewerb Informationen - institut f\u00fcr neue medien","robots":{"index":"index","follow":"follow","max-snippet":"max-snippet:-1","max-image-preview":"max-image-preview:large","max-video-preview":"max-video-preview:-1"},"canonical":"https:\/\/ifnm.de\/blog\/schuelerzeitung\/schuelerzeitungwettbewerb\/sz-wettbewerb-informationen\/","og_locale":"de_DE","og_type":"article","og_title":"SZ- Wettbewerb Informationen - institut f\u00fcr neue medien","og_url":"https:\/\/ifnm.de\/blog\/schuelerzeitung\/schuelerzeitungwettbewerb\/sz-wettbewerb-informationen\/","og_site_name":"institut f\u00fcr neue medien","article_modified_time":"2025-01-27T09:16:18+00:00","og_image":[{"url":"https:\/\/ifnm.de\/blog\/wp-content\/uploads\/2025\/01\/IMG_6975-scaled.jpeg"}],"twitter_misc":{"Gesch\u00e4tzte Lesezeit":"8\u00a0Minuten"},"schema":{"@context":"https:\/\/schema.org","@graph":[{"@type":"WebSite","@id":"https:\/\/ifnm.de\/blog\/#website","url":"https:\/\/ifnm.de\/blog\/","name":"institut f\u00fcr neue medien","description":"freie bildungsgesellschaft gGmbH","potentialAction":[{"@type":"SearchAction","target":{"@type":"EntryPoint","urlTemplate":"https:\/\/ifnm.de\/blog\/?s={search_term_string}"},"query-input":"required name=search_term_string"}],"inLanguage":"de"},{"@type":"ImageObject","@id":"https:\/\/ifnm.de\/blog\/schuelerzeitung\/schuelerzeitungwettbewerb\/sz-wettbewerb-informationen\/#primaryimage","inLanguage":"de","url":"https:\/\/ifnm.de\/blog\/wp-content\/uploads\/2025\/01\/IMG_6975-scaled.jpeg","contentUrl":"https:\/\/ifnm.de\/blog\/wp-content\/uploads\/2025\/01\/IMG_6975-scaled.jpeg","width":2560,"height":1707},{"@type":"WebPage","@id":"https:\/\/ifnm.de\/blog\/schuelerzeitung\/schuelerzeitungwettbewerb\/sz-wettbewerb-informationen\/#webpage","url":"https:\/\/ifnm.de\/blog\/schuelerzeitung\/schuelerzeitungwettbewerb\/sz-wettbewerb-informationen\/","name":"SZ- Wettbewerb Informationen - institut f\u00fcr neue medien","isPartOf":{"@id":"https:\/\/ifnm.de\/blog\/#website"},"primaryImageOfPage":{"@id":"https:\/\/ifnm.de\/blog\/schuelerzeitung\/schuelerzeitungwettbewerb\/sz-wettbewerb-informationen\/#primaryimage"},"datePublished":"2022-11-04T09:05:16+00:00","dateModified":"2025-01-27T09:16:18+00:00","breadcrumb":{"@id":"https:\/\/ifnm.de\/blog\/schuelerzeitung\/schuelerzeitungwettbewerb\/sz-wettbewerb-informationen\/#breadcrumb"},"inLanguage":"de","potentialAction":[{"@type":"ReadAction","target":["https:\/\/ifnm.de\/blog\/schuelerzeitung\/schuelerzeitungwettbewerb\/sz-wettbewerb-informationen\/"]}]},{"@type":"BreadcrumbList","@id":"https:\/\/ifnm.de\/blog\/schuelerzeitung\/schuelerzeitungwettbewerb\/sz-wettbewerb-informationen\/#breadcrumb","itemListElement":[{"@type":"ListItem","position":1,"name":"Home","item":"https:\/\/ifnm.de\/blog\/"},{"@type":"ListItem","position":2,"name":"Sch\u00fclerzeitung","item":"https:\/\/ifnm.de\/blog\/schuelerzeitung\/"},{"@type":"ListItem","position":3,"name":"Sch\u00fclerzeitungwettbewerb","item":"https:\/\/ifnm.de\/blog\/schuelerzeitung\/schuelerzeitungwettbewerb\/"},{"@type":"ListItem","position":4,"name":"SZ- Wettbewerb Informationen"}]}]}},"_links":{"self":[{"href":"https:\/\/ifnm.de\/blog\/wp-json\/wp\/v2\/pages\/9662","targetHints":{"allow":["GET"]}}],"collection":[{"href":"https:\/\/ifnm.de\/blog\/wp-json\/wp\/v2\/pages"}],"about":[{"href":"https:\/\/ifnm.de\/blog\/wp-json\/wp\/v2\/types\/page"}],"author":[{"embeddable":true,"href":"https:\/\/ifnm.de\/blog\/wp-json\/wp\/v2\/users\/23"}],"replies":[{"embeddable":true,"href":"https:\/\/ifnm.de\/blog\/wp-json\/wp\/v2\/comments?post=9662"}],"version-history":[{"count":121,"href":"https:\/\/ifnm.de\/blog\/wp-json\/wp\/v2\/pages\/9662\/revisions"}],"predecessor-version":[{"id":11229,"href":"https:\/\/ifnm.de\/blog\/wp-json\/wp\/v2\/pages\/9662\/revisions\/11229"}],"up":[{"embeddable":true,"href":"https:\/\/ifnm.de\/blog\/wp-json\/wp\/v2\/pages\/9181"}],"wp:attachment":[{"href":"https:\/\/ifnm.de\/blog\/wp-json\/wp\/v2\/media?parent=9662"}],"curies":[{"name":"wp","href":"https:\/\/api.w.org\/{rel}","templated":true}]}}