{"id":9109,"date":"2022-04-11T13:47:41","date_gmt":"2022-04-11T11:47:41","guid":{"rendered":"https:\/\/ifnm.de\/blog\/?page_id=9109"},"modified":"2026-01-09T15:32:28","modified_gmt":"2026-01-09T13:32:28","slug":"werbeanzeige-anfragen","status":"publish","type":"page","link":"https:\/\/ifnm.de\/blog\/schuelerzeitung\/werbeanzeige-anfragen\/","title":{"rendered":"Werbeanzeige anfragen"},"content":{"rendered":"<div class=\"fusion-fullwidth fullwidth-box fusion-builder-row-1 fusion-flex-container nonhundred-percent-fullwidth non-hundred-percent-height-scrolling\" style=\"background-color: rgba(255,255,255,0);background-position: center center;background-repeat: no-repeat;border-width: 0px 0px 0px 0px;border-color:#eae9e9;border-style:solid;\" ><div class=\"fusion-builder-row fusion-row fusion-flex-align-items-flex-start\" style=\"max-width:1206.4px;margin-left: calc(-4% \/ 2 );margin-right: calc(-4% \/ 2 );\"><div class=\"fusion-layout-column fusion_builder_column fusion-builder-column-0 fusion_builder_column_1_1 1_1 fusion-flex-column\"><div class=\"fusion-column-wrapper fusion-flex-justify-content-flex-start fusion-content-layout-column\" style=\"background-position:left top;background-repeat:no-repeat;-webkit-background-size:cover;-moz-background-size:cover;-o-background-size:cover;background-size:cover;padding: 0px 0px 0px 0px;\"><style type=\"text\/css\">@media only screen and (max-width:1024px) {.fusion-title.fusion-title-1{margin-top:0px!important; margin-right:0px!important;margin-bottom:30px!important;margin-left:0px!important;}}@media only screen and (max-width:640px) {.fusion-title.fusion-title-1{margin-top:0px!important; margin-right:0px!important;margin-bottom:20px!important; margin-left:0px!important;}}<\/style><div class=\"fusion-title title fusion-title-1 fusion-sep-none fusion-title-text fusion-title-size-one\" style=\"margin-top:0px;margin-right:0px;margin-bottom:30px;margin-left:0px;\"><h1 class=\"title-heading-left\" style=\"margin:0;\"><h1>Anzeigen in eurer Sch\u00fclerzeitung<\/h1>\n<h2>Euch fehlt das n\u00f6tige Kleingeld f\u00fcr eure Sch\u00fclerzeitung? Wir vermitteln Anzeigenpartnerschaften f\u00fcr Schulen in MV.<\/h2><\/h1><\/div><div class=\"fusion-text fusion-text-1\"><p>Ihr m\u00f6chtet eure Leserschaft auf Berufs- oder Studienm\u00f6glichkeiten in eurer N\u00e4he aufmerksam machen oder wisst nicht, von welchem Geld ihr eure Sch\u00fclerzeitung drucken sollt? Dann ist eine Anzeige in eurer neuesten Ausgabe genau richtig!<\/p>\n<p>Die LiSZ vermittelt Werbeanzeigen der Kampagne <a href=\"https:\/\/www.studieren-mit-meerwert.de\/startseite\">&#8220;Studieren mit Meerwert&#8221; des Landesmarketings MV<\/a>, sodass ihr euch nur noch um das Abdrucken k\u00fcmmern m\u00fcsst.<\/p>\n<\/div><div class=\"fusion-text fusion-text-2\"><p style=\"text-align: left;\"><a href=\"https:\/\/ifnm.de\/blog\/wp-content\/uploads\/2025\/04\/csm_2025_Greifswald_597f268740.png\"><img decoding=\"async\" class=\"wp-image-11434 size-thumbnail alignleft\" src=\"https:\/\/ifnm.de\/blog\/wp-content\/uploads\/2025\/04\/csm_2025_Greifswald_597f268740-150x150.png\" alt=\"\" width=\"150\" height=\"150\" srcset=\"https:\/\/ifnm.de\/blog\/wp-content\/uploads\/2025\/04\/csm_2025_Greifswald_597f268740-66x66.png 66w, https:\/\/ifnm.de\/blog\/wp-content\/uploads\/2025\/04\/csm_2025_Greifswald_597f268740-150x150.png 150w\" sizes=\"(max-width: 150px) 100vw, 150px\" \/><\/a><br \/>\n1. Sucht euch ein <a href=\"https:\/\/www.studieren-mit-meerwert.de\/kampagnenmotive\/\"><strong>Motiv<\/strong><\/a> aus<em>. <\/em><\/p>\n<\/div><div style=\"text-align:center;\"><style type=\"text\/css\">.fusion-button.button-1 {border-radius:0px;}<\/style><a class=\"fusion-button button-flat fusion-button-default-size button-default button-1 fusion-button-default-span fusion-button-default-type\" target=\"_self\" href=\"https:\/\/www.studieren-mit-meerwert.de\/kampagnenmotive\/\"><span class=\"fusion-button-text\">Motiv f\u00fcr eure Anzeige<\/span><\/a><\/div><div class=\"fusion-text fusion-text-3\"><p style=\"text-align: center;\"><em>Ihr ben\u00f6tigt euer Motiv im Hochformat? Kein Problem! Klickt einfach auf den Download und ihr findet es auf der zweiten Seite.<\/em><\/p>\n<\/div><div class=\"fusion-text fusion-text-4\"><p><a href=\"https:\/\/ifnm.de\/blog\/wp-content\/uploads\/2024\/11\/STK_LM_24_22328_03_35_Adaption_UnserHo\u0308rsaal-_Schulerzeitung_A4_RZ_X4-scaled.jpg\"><img decoding=\"async\" class=\"alignleft wp-image-10893 size-thumbnail\" src=\"https:\/\/ifnm.de\/blog\/wp-content\/uploads\/2024\/11\/STK_LM_24_22328_03_35_Adaption_UnserHo\u0308rsaal-_Schulerzeitung_A4_RZ_X4-150x150.jpg\" alt=\"\" width=\"150\" height=\"150\" srcset=\"https:\/\/ifnm.de\/blog\/wp-content\/uploads\/2024\/11\/STK_LM_24_22328_03_35_Adaption_UnserHo\u0308rsaal-_Schulerzeitung_A4_RZ_X4-66x66.jpg 66w, https:\/\/ifnm.de\/blog\/wp-content\/uploads\/2024\/11\/STK_LM_24_22328_03_35_Adaption_UnserHo\u0308rsaal-_Schulerzeitung_A4_RZ_X4-150x150.jpg 150w\" sizes=\"(max-width: 150px) 100vw, 150px\" \/><\/a>2. F\u00fcllt die <a href=\"https:\/\/ifnm.de\/blog\/wp-content\/uploads\/2026\/01\/Antrag-Schuelerzeitung_Anzeige2026.pdf\"><strong>Bewerbung<\/strong><\/a> aus.<\/p>\n<p>2. Schickt <strong>diesen mit der PDF-Datei<\/strong> eurer Ausgabe an <a href=\"m&#97;&#105;&#x6c;&#x74;&#x6f;:e&#105;&#103;&#x6c;&#x65;&#x72;&#64;&#105;&#102;&#110;&#x6d;&#x2e;&#x64;e\"><strong>LiSZ<\/strong><\/a>.<\/p>\n<p>3. Nach erfolgreicher <strong>Pr\u00fcfung <\/strong>erhaltet ihr die <strong>Rechnung<\/strong>, die ihr bitte ebenfalls <strong>ausf\u00fcllt und zur\u00fcckschickt.<\/strong><\/p>\n<p>4. Die <strong>100,00 Euro<\/strong> landen auf eurem Konto.<\/p>\n<\/div><div class=\"fusion-separator fusion-full-width-sep\" style=\"align-self: center;margin-left: auto;margin-right: auto;width:100%;\"><div class=\"fusion-separator-border sep-double\" style=\"border-color:#e0dede;border-top-width:1px;border-bottom-width:1px;\"><\/div><\/div><div class=\"fusion-text fusion-text-5\"><h3><a href=\"http:\/\/https:\/\/www.studieren-mit-meerwert.de\/startseite\/podcast\"><img decoding=\"async\" class=\"alignright wp-image-11973 size-thumbnail\" src=\"https:&#47;&#x2f;&#105;&#x66;&#110;&#x6d;&#46;&#x64;e&#47;&#x62;&#108;&#x6f;&#103;&#x2f;w&#x70;-&#99;&#x6f;&#110;&#x74;&#101;&#x6e;&#116;&#x2f;u&#x70;l&#111;&#x61;&#100;&#x73;&#47;&#x32;0&#x32;6&#47;&#x30;&#49;&#x2f;&#115;&#x74;&#109;&#x6d;w&#x2d;p&#111;&#x64;&#99;&#x61;&#115;&#x74;-&#x63;a&#109;&#x70;&#117;&#x73;&#45;&#x69;&#110;&#x73;i&#x67;h&#116;&#x73;&#45;&#x6d;&#118;&#x2d;c&#x6f;n&#116;&#x65;&#110;&#x74;&#45;&#x38;&#55;&#x30;x&#x35;8&#53;&#x40;&#50;&#x78;&#46;&#x6a;p&#x67;_Folge__0-150x150.jpg\" alt=\"\" width=\"150\" height=\"150\" srcset=\"https:&#x2f;&#x2f;&#105;f&#x6e;&#x6d;&#46;&#100;e&#x2f;&#x62;&#108;&#111;g&#x2f;&#x77;&#112;-c&#x6f;&#x6e;&#116;e&#x6e;&#x74;&#47;&#117;p&#x6c;&#x6f;&#97;&#100;s&#x2f;&#x32;&#48;26&#x2f;&#x30;&#49;\/&#x73;&#x74;&#109;&#109;w&#x2d;&#x70;&#111;&#100;c&#x61;&#x73;&#116;-c&#x61;&#x6d;&#112;u&#x73;&#x2d;&#x69;&#110;s&#x69;&#x67;&#104;&#116;s&#x2d;&#x6d;&#118;&#45;c&#x6f;&#x6e;&#116;e&#x6e;&#x74;&#x2d;&#56;7&#x30;&#x78;&#53;&#56;5&#x40;&#x32;&#120;&#46;j&#x70;&#x67;_Folge__0-66x66.jpg 66w, https:&#x2f;&#47;&#105;f&#x6e;&#x6d;&#46;d&#x65;&#x2f;&#98;lo&#x67;&#47;&#119;p&#x2d;&#x63;&#111;n&#x74;&#x65;&#110;&#116;\/&#x75;&#x70;&#108;o&#x61;&#x64;&#115;\/&#x32;&#x30;&#50;&#54;\/&#x30;&#x31;&#47;s&#x74;&#x6d;&#109;w&#x2d;&#x70;&#111;&#100;c&#x61;&#x73;&#116;-&#x63;&#x61;&#109;p&#x75;&#x73;&#45;&#105;n&#x73;&#x69;&#103;h&#x74;&#x73;&#45;m&#x76;&#x2d;&#99;&#111;n&#x74;&#x65;&#110;t&#x2d;&#x38;&#55;0&#x78;&#x35;&#56;&#53;&#64;&#x32;&#x78;&#46;j&#x70;&#x67;_Folge__0-150x150.jpg 150w\" sizes=\"(max-width: 150px) 100vw, 150px\" \/><\/a><br \/>\nM\u00f6chtet ihr mehr \u00fcber das <strong data-start=\"159\" data-end=\"198\">Studieren in Mecklenburg-Vorpommern<\/strong> erfahren?<\/h3>\n<p>Dann h\u00f6rt bei <a href=\"https:\/\/www.studieren-mit-meerwert.de\/startseite\/podcast\"><strong data-start=\"223\" data-end=\"245\">Campus Insights MV<\/strong><\/a> rein! Alle zwei Wochen nehmen euch Lena und Toni mit an das Mikrofon und teilen Tipps, spannende Einblicke und Infos zu <strong data-start=\"366\" data-end=\"427\">Studienm\u00f6glichkeiten, Karrierechancen und dem Leben in MV<\/strong>. Euer \u201eStudium mit Mehrwert\u201c \u2013 direkt ins Ohr!<\/p>\n<\/div><div class=\"fusion-separator fusion-full-width-sep\" style=\"align-self: center;margin-left: auto;margin-right: auto;width:100%;\"><div class=\"fusion-separator-border sep-double\" style=\"border-color:#e0dede;border-top-width:1px;border-bottom-width:1px;\"><\/div><\/div><div class=\"fusion-text fusion-text-6\"><h1>&nbsp;<\/h1>\n<h1>Damit aber nicht genug&#8230;<\/h1>\n<h1><a href=\"https:\/\/ifnm.de\/blog\/wp-content\/uploads\/2024\/11\/Motiv_0_-_Allgemein_blau_A4-scaled.jpg\"><img decoding=\"async\" class=\"alignleft wp-image-10906 size-thumbnail\" src=\"https:\/\/ifnm.de\/blog\/wp-content\/uploads\/2024\/11\/Motiv_0_-_Allgemein_blau_A4-150x150.jpg\" alt=\"\" width=\"150\" height=\"150\" srcset=\"https:\/\/ifnm.de\/blog\/wp-content\/uploads\/2024\/11\/Motiv_0_-_Allgemein_blau_A4-66x66.jpg 66w, https:\/\/ifnm.de\/blog\/wp-content\/uploads\/2024\/11\/Motiv_0_-_Allgemein_blau_A4-150x150.jpg 150w\" sizes=\"(max-width: 150px) 100vw, 150px\" \/><\/a><\/h1>\n<p>&#8230;auch die Universit\u00e4t Rostock vermittelt Anzeigen. Alle Schulen mit gymnasialer Oberstufe in Mecklenburg-Vorpommern sind berechtigt, dieses Angebot zu nutzen.<\/p>\n<h3><a href=\"https:\/\/www.uni-rostock.de\/universitaet\/kommunikation-und-aktuelles\/anzeigen-fuer-schuelerzeitungen\/\">Schaut hier vorbei.<\/a><\/h3>\n<\/div><div class=\"fusion-separator fusion-full-width-sep\" style=\"align-self: center;margin-left: auto;margin-right: auto;width:100%;\"><div class=\"fusion-separator-border sep-double\" style=\"border-color:#e0dede;border-top-width:1px;border-bottom-width:1px;\"><\/div><\/div><div class=\"fusion-text fusion-text-7\"><p><strong>Noch Fragen? Meldet euch gern jederzeit bei mir:<\/strong><\/p>\n<p>Cornelia Eigler<\/p>\n<p>[mail] &#x65;&#x69;&#103;&#108;e&#x72;&#x40;&#x69;&#102;nm&#x2e;&#x64;&#101;<a href=\"https:\/\/ifnm.de\/blog\/wp-content\/uploads\/2022\/04\/Cornelia-Eigler-1-1.jpg\"><img decoding=\"async\" class=\"wp-image-9149 alignright ls-is-cached lazyloaded\" src=\"https:\/\/ifnm.de\/blog\/wp-content\/uploads\/2022\/04\/Cornelia-Eigler-1-1-300x300.jpg\" sizes=\"(max-width: 161px) 100vw, 161px\" srcset=\"https:\/\/ifnm.de\/blog\/wp-content\/uploads\/2022\/04\/Cornelia-Eigler-1-1-66x66.jpg 66w, https:\/\/ifnm.de\/blog\/wp-content\/uploads\/2022\/04\/Cornelia-Eigler-1-1-150x150.jpg 150w, https:\/\/ifnm.de\/blog\/wp-content\/uploads\/2022\/04\/Cornelia-Eigler-1-1-200x200.jpg 200w, https:\/\/ifnm.de\/blog\/wp-content\/uploads\/2022\/04\/Cornelia-Eigler-1-1-300x300.jpg 300w, https:\/\/ifnm.de\/blog\/wp-content\/uploads\/2022\/04\/Cornelia-Eigler-1-1-400x400.jpg 400w, https:\/\/ifnm.de\/blog\/wp-content\/uploads\/2022\/04\/Cornelia-Eigler-1-1-600x600.jpg 600w, https:\/\/ifnm.de\/blog\/wp-content\/uploads\/2022\/04\/Cornelia-Eigler-1-1-768x768.jpg 768w, https:\/\/ifnm.de\/blog\/wp-content\/uploads\/2022\/04\/Cornelia-Eigler-1-1-800x800.jpg 800w, https:\/\/ifnm.de\/blog\/wp-content\/uploads\/2022\/04\/Cornelia-Eigler-1-1-1024x1024.jpg 1024w, https:\/\/ifnm.de\/blog\/wp-content\/uploads\/2022\/04\/Cornelia-Eigler-1-1-1200x1199.jpg 1200w, https:\/\/ifnm.de\/blog\/wp-content\/uploads\/2022\/04\/Cornelia-Eigler-1-1-1536x1536.jpg 1536w\" alt=\"\" width=\"161\" height=\"161\" data-srcset=\"https:\/\/ifnm.de\/blog\/wp-content\/uploads\/2022\/04\/Cornelia-Eigler-1-1-66x66.jpg 66w, https:\/\/ifnm.de\/blog\/wp-content\/uploads\/2022\/04\/Cornelia-Eigler-1-1-150x150.jpg 150w, https:\/\/ifnm.de\/blog\/wp-content\/uploads\/2022\/04\/Cornelia-Eigler-1-1-200x200.jpg 200w, https:\/\/ifnm.de\/blog\/wp-content\/uploads\/2022\/04\/Cornelia-Eigler-1-1-300x300.jpg 300w, https:\/\/ifnm.de\/blog\/wp-content\/uploads\/2022\/04\/Cornelia-Eigler-1-1-400x400.jpg 400w, https:\/\/ifnm.de\/blog\/wp-content\/uploads\/2022\/04\/Cornelia-Eigler-1-1-600x600.jpg 600w, https:\/\/ifnm.de\/blog\/wp-content\/uploads\/2022\/04\/Cornelia-Eigler-1-1-768x768.jpg 768w, https:\/\/ifnm.de\/blog\/wp-content\/uploads\/2022\/04\/Cornelia-Eigler-1-1-800x800.jpg 800w, https:\/\/ifnm.de\/blog\/wp-content\/uploads\/2022\/04\/Cornelia-Eigler-1-1-1024x1024.jpg 1024w, https:\/\/ifnm.de\/blog\/wp-content\/uploads\/2022\/04\/Cornelia-Eigler-1-1-1200x1199.jpg 1200w, https:\/\/ifnm.de\/blog\/wp-content\/uploads\/2022\/04\/Cornelia-Eigler-1-1-1536x1536.jpg 1536w\" data-src=\"https:\/\/ifnm.de\/blog\/wp-content\/uploads\/2022\/04\/Cornelia-Eigler-1-1-300x300.jpg\" data-sizes=\"(max-width: 161px) 100vw, 161px\"><\/a><\/p>\n<p>[b\u00fcro] 0381 2035442<\/p>\n<p>[mobil] 0176 58231443<\/p>\n<\/div><\/div><style type=\"text\/css\">.fusion-body .fusion-builder-column-0{width:100% !important;margin-top : 0px;margin-bottom : 20px;}.fusion-builder-column-0 > .fusion-column-wrapper {padding-top : 0px !important;padding-right : 0px !important;margin-right : 1.92%;padding-bottom : 0px !important;padding-left : 0px !important;margin-left : 1.92%;}@media only screen and (max-width:1024px) {.fusion-body .fusion-builder-column-0{width:100% !important;order : 0;}.fusion-builder-column-0 > .fusion-column-wrapper {margin-right : 1.92%;margin-left : 1.92%;}}@media only screen and (max-width:640px) {.fusion-body .fusion-builder-column-0{width:100% !important;order : 0;}.fusion-builder-column-0 > .fusion-column-wrapper {margin-right : 1.92%;margin-left : 1.92%;}}<\/style><\/div><\/div><style type=\"text\/css\">.fusion-body .fusion-flex-container.fusion-builder-row-1{ padding-top : 0px;margin-top : 0px;padding-right : 0px;padding-bottom : 0px;margin-bottom : 0px;padding-left : 0px;}<\/style><\/div>\n","protected":false},"excerpt":{"rendered":"","protected":false},"author":15,"featured_media":0,"parent":9106,"menu_order":0,"comment_status":"closed","ping_status":"closed","template":"","meta":{"om_disable_all_campaigns":false,"inline_featured_image":false,"_mi_skip_tracking":false,"_monsterinsights_sitenote_active":false,"_monsterinsights_sitenote_note":"","_monsterinsights_sitenote_category":0,"ngg_post_thumbnail":0,"footnotes":"","_links_to":"","_links_to_target":""},"class_list":["post-9109","page","type-page","status-publish","hentry"],"yoast_head":"<!-- This site is optimized with the Yoast SEO plugin v18.5.1 - https:\/\/yoast.com\/wordpress\/plugins\/seo\/ -->\n<title>Werbeanzeige anfragen - institut f\u00fcr neue medien<\/title>\n<meta name=\"robots\" content=\"index, follow, max-snippet:-1, max-image-preview:large, max-video-preview:-1\" \/>\n<link rel=\"canonical\" href=\"https:\/\/ifnm.de\/blog\/schuelerzeitung\/werbeanzeige-anfragen\/\" \/>\n<meta property=\"og:locale\" content=\"de_DE\" \/>\n<meta property=\"og:type\" content=\"article\" \/>\n<meta property=\"og:title\" content=\"Werbeanzeige anfragen - institut f\u00fcr neue medien\" \/>\n<meta property=\"og:url\" content=\"https:\/\/ifnm.de\/blog\/schuelerzeitung\/werbeanzeige-anfragen\/\" \/>\n<meta property=\"og:site_name\" content=\"institut f\u00fcr neue medien\" \/>\n<meta property=\"article:modified_time\" content=\"2026-01-09T13:32:28+00:00\" \/>\n<meta property=\"og:image\" content=\"https:\/\/ifnm.de\/blog\/wp-content\/uploads\/2025\/04\/csm_2025_Greifswald_597f268740-150x150.png\" \/>\n<meta name=\"twitter:label1\" content=\"Gesch\u00e4tzte Lesezeit\" \/>\n\t<meta name=\"twitter:data1\" content=\"3\u00a0Minuten\" \/>\n<script type=\"application\/ld+json\" class=\"yoast-schema-graph\">{\"@context\":\"https:\/\/schema.org\",\"@graph\":[{\"@type\":\"WebSite\",\"@id\":\"https:\/\/ifnm.de\/blog\/#website\",\"url\":\"https:\/\/ifnm.de\/blog\/\",\"name\":\"institut f\u00fcr neue medien\",\"description\":\"freie bildungsgesellschaft gGmbH\",\"potentialAction\":[{\"@type\":\"SearchAction\",\"target\":{\"@type\":\"EntryPoint\",\"urlTemplate\":\"https:\/\/ifnm.de\/blog\/?s={search_term_string}\"},\"query-input\":\"required name=search_term_string\"}],\"inLanguage\":\"de\"},{\"@type\":\"ImageObject\",\"@id\":\"https:\/\/ifnm.de\/blog\/schuelerzeitung\/werbeanzeige-anfragen\/#primaryimage\",\"inLanguage\":\"de\",\"url\":\"https:\/\/ifnm.de\/blog\/wp-content\/uploads\/2025\/04\/csm_2025_Greifswald_597f268740.png\",\"contentUrl\":\"https:\/\/ifnm.de\/blog\/wp-content\/uploads\/2025\/04\/csm_2025_Greifswald_597f268740.png\",\"width\":842,\"height\":595},{\"@type\":\"WebPage\",\"@id\":\"https:\/\/ifnm.de\/blog\/schuelerzeitung\/werbeanzeige-anfragen\/#webpage\",\"url\":\"https:\/\/ifnm.de\/blog\/schuelerzeitung\/werbeanzeige-anfragen\/\",\"name\":\"Werbeanzeige anfragen - institut f\u00fcr neue medien\",\"isPartOf\":{\"@id\":\"https:\/\/ifnm.de\/blog\/#website\"},\"primaryImageOfPage\":{\"@id\":\"https:\/\/ifnm.de\/blog\/schuelerzeitung\/werbeanzeige-anfragen\/#primaryimage\"},\"datePublished\":\"2022-04-11T11:47:41+00:00\",\"dateModified\":\"2026-01-09T13:32:28+00:00\",\"breadcrumb\":{\"@id\":\"https:\/\/ifnm.de\/blog\/schuelerzeitung\/werbeanzeige-anfragen\/#breadcrumb\"},\"inLanguage\":\"de\",\"potentialAction\":[{\"@type\":\"ReadAction\",\"target\":[\"https:\/\/ifnm.de\/blog\/schuelerzeitung\/werbeanzeige-anfragen\/\"]}]},{\"@type\":\"BreadcrumbList\",\"@id\":\"https:\/\/ifnm.de\/blog\/schuelerzeitung\/werbeanzeige-anfragen\/#breadcrumb\",\"itemListElement\":[{\"@type\":\"ListItem\",\"position\":1,\"name\":\"Home\",\"item\":\"https:\/\/ifnm.de\/blog\/\"},{\"@type\":\"ListItem\",\"position\":2,\"name\":\"Sch\u00fclerzeitung\",\"item\":\"https:\/\/ifnm.de\/blog\/schuelerzeitung\/\"},{\"@type\":\"ListItem\",\"position\":3,\"name\":\"Werbeanzeige anfragen\"}]}]}<\/script>\n<!-- \/ Yoast SEO plugin. -->","yoast_head_json":{"title":"Werbeanzeige anfragen - institut f\u00fcr neue medien","robots":{"index":"index","follow":"follow","max-snippet":"max-snippet:-1","max-image-preview":"max-image-preview:large","max-video-preview":"max-video-preview:-1"},"canonical":"https:\/\/ifnm.de\/blog\/schuelerzeitung\/werbeanzeige-anfragen\/","og_locale":"de_DE","og_type":"article","og_title":"Werbeanzeige anfragen - institut f\u00fcr neue medien","og_url":"https:\/\/ifnm.de\/blog\/schuelerzeitung\/werbeanzeige-anfragen\/","og_site_name":"institut f\u00fcr neue medien","article_modified_time":"2026-01-09T13:32:28+00:00","og_image":[{"url":"https:\/\/ifnm.de\/blog\/wp-content\/uploads\/2025\/04\/csm_2025_Greifswald_597f268740-150x150.png"}],"twitter_misc":{"Gesch\u00e4tzte Lesezeit":"3\u00a0Minuten"},"schema":{"@context":"https:\/\/schema.org","@graph":[{"@type":"WebSite","@id":"https:\/\/ifnm.de\/blog\/#website","url":"https:\/\/ifnm.de\/blog\/","name":"institut f\u00fcr neue medien","description":"freie bildungsgesellschaft gGmbH","potentialAction":[{"@type":"SearchAction","target":{"@type":"EntryPoint","urlTemplate":"https:\/\/ifnm.de\/blog\/?s={search_term_string}"},"query-input":"required name=search_term_string"}],"inLanguage":"de"},{"@type":"ImageObject","@id":"https:\/\/ifnm.de\/blog\/schuelerzeitung\/werbeanzeige-anfragen\/#primaryimage","inLanguage":"de","url":"https:\/\/ifnm.de\/blog\/wp-content\/uploads\/2025\/04\/csm_2025_Greifswald_597f268740.png","contentUrl":"https:\/\/ifnm.de\/blog\/wp-content\/uploads\/2025\/04\/csm_2025_Greifswald_597f268740.png","width":842,"height":595},{"@type":"WebPage","@id":"https:\/\/ifnm.de\/blog\/schuelerzeitung\/werbeanzeige-anfragen\/#webpage","url":"https:\/\/ifnm.de\/blog\/schuelerzeitung\/werbeanzeige-anfragen\/","name":"Werbeanzeige anfragen - institut f\u00fcr neue medien","isPartOf":{"@id":"https:\/\/ifnm.de\/blog\/#website"},"primaryImageOfPage":{"@id":"https:\/\/ifnm.de\/blog\/schuelerzeitung\/werbeanzeige-anfragen\/#primaryimage"},"datePublished":"2022-04-11T11:47:41+00:00","dateModified":"2026-01-09T13:32:28+00:00","breadcrumb":{"@id":"https:\/\/ifnm.de\/blog\/schuelerzeitung\/werbeanzeige-anfragen\/#breadcrumb"},"inLanguage":"de","potentialAction":[{"@type":"ReadAction","target":["https:\/\/ifnm.de\/blog\/schuelerzeitung\/werbeanzeige-anfragen\/"]}]},{"@type":"BreadcrumbList","@id":"https:\/\/ifnm.de\/blog\/schuelerzeitung\/werbeanzeige-anfragen\/#breadcrumb","itemListElement":[{"@type":"ListItem","position":1,"name":"Home","item":"https:\/\/ifnm.de\/blog\/"},{"@type":"ListItem","position":2,"name":"Sch\u00fclerzeitung","item":"https:\/\/ifnm.de\/blog\/schuelerzeitung\/"},{"@type":"ListItem","position":3,"name":"Werbeanzeige anfragen"}]}]}},"_links":{"self":[{"href":"https:\/\/ifnm.de\/blog\/wp-json\/wp\/v2\/pages\/9109","targetHints":{"allow":["GET"]}}],"collection":[{"href":"https:\/\/ifnm.de\/blog\/wp-json\/wp\/v2\/pages"}],"about":[{"href":"https:\/\/ifnm.de\/blog\/wp-json\/wp\/v2\/types\/page"}],"author":[{"embeddable":true,"href":"https:\/\/ifnm.de\/blog\/wp-json\/wp\/v2\/users\/15"}],"replies":[{"embeddable":true,"href":"https:\/\/ifnm.de\/blog\/wp-json\/wp\/v2\/comments?post=9109"}],"version-history":[{"count":74,"href":"https:\/\/ifnm.de\/blog\/wp-json\/wp\/v2\/pages\/9109\/revisions"}],"predecessor-version":[{"id":11975,"href":"https:\/\/ifnm.de\/blog\/wp-json\/wp\/v2\/pages\/9109\/revisions\/11975"}],"up":[{"embeddable":true,"href":"https:\/\/ifnm.de\/blog\/wp-json\/wp\/v2\/pages\/9106"}],"wp:attachment":[{"href":"https:\/\/ifnm.de\/blog\/wp-json\/wp\/v2\/media?parent=9109"}],"curies":[{"name":"wp","href":"https:\/\/api.w.org\/{rel}","templated":true}]}}