{"id":9106,"date":"2022-04-11T13:44:10","date_gmt":"2022-04-11T11:44:10","guid":{"rendered":"https:\/\/ifnm.de\/blog\/?page_id=9106"},"modified":"2026-04-29T10:22:29","modified_gmt":"2026-04-29T08:22:29","slug":"schuelerzeitung","status":"publish","type":"page","link":"https:\/\/ifnm.de\/blog\/schuelerzeitung\/","title":{"rendered":"Sch\u00fclerzeitung"},"content":{"rendered":"<div class=\"fusion-fullwidth fullwidth-box fusion-builder-row-1 fusion-flex-container nonhundred-percent-fullwidth non-hundred-percent-height-scrolling\" style=\"background-color: rgba(255,255,255,0);background-position: center center;background-repeat: no-repeat;border-width: 0px 0px 0px 0px;border-color:#eae9e9;border-style:solid;\" ><div class=\"fusion-builder-row fusion-row fusion-flex-align-items-flex-start\" style=\"max-width:1206.4px;margin-left: calc(-4% \/ 2 );margin-right: calc(-4% \/ 2 );\"><div class=\"fusion-layout-column fusion_builder_column fusion-builder-column-0 fusion_builder_column_1_1 1_1 fusion-flex-column\"><div class=\"fusion-column-wrapper fusion-flex-justify-content-flex-start fusion-content-layout-column\" style=\"background-position:left top;background-repeat:no-repeat;-webkit-background-size:cover;-moz-background-size:cover;-o-background-size:cover;background-size:cover;padding: 0px 0px 0px 0px;\"><style type=\"text\/css\">@media only screen and (max-width:1024px) {.fusion-title.fusion-title-1{margin-top:0px!important; margin-right:0px!important;margin-bottom:30px!important;margin-left:0px!important;}}@media only screen and (max-width:640px) {.fusion-title.fusion-title-1{margin-top:0px!important; margin-right:0px!important;margin-bottom:20px!important; margin-left:0px!important;}}<\/style><div class=\"fusion-title title fusion-title-1 fusion-sep-none fusion-title-center fusion-title-text fusion-title-size-two\" style=\"margin-top:0px;margin-right:0px;margin-bottom:30px;margin-left:0px;\"><h2 class=\"title-heading-center\" style=\"margin:0;\"><h1><strong>Die LiSZ&nbsp; \u2013 <\/strong><strong>Landesinfostelle Sch\u00fclerzeitung \u2013 in der Medienwerkstatt am&nbsp;Institut f\u00fcr neue Medien<\/strong><\/h1><\/h2><\/div><div class=\"fusion-text fusion-text-1\"><p><strong>LiSZ<\/strong> steht f\u00fcr <strong>Landesinformationsstelle Sch\u00fclerzeitung<\/strong> und ist rund um die Uhr f\u00fcr eure Sch\u00fclerzeitungsredaktionen da. Neben Beratung, Unterst\u00fctzung und Vernetzung bietet sie medienpraktisches Wissen f\u00fcr alle Interessierten. Die Angebote der LiSZ sind jederzeit kostenfrei nutzbar. Sch\u00fclerzeitungen sind das Sprachrohr der Sch\u00fclerinnen und Sch\u00fcler \u2013 eine perfekte M\u00f6glichkeit, um sich auszuprobieren, zu schreiben, zu layouten, zu fotografieren und vieles mehr.&nbsp; Die LiSZ unterst\u00fctzt Sch\u00fclerzeitungsredaktionen nicht nur bei ihrer Gr\u00fcndung, sondern auch im laufenden Prozess.<\/p>\n<p>Au\u00dferdem organisiert die LiSZ zwei weitere Highlights f\u00fcr euch: den <a href=\"https:\/\/ifnm.de\/blog\/schuelerzeitungswettbewerb\/\">Sch\u00fclerzeitungswettbewerb<\/a> und den <a href=\"https:\/\/ifnm.de\/blog\/schuelerzeitung\/sz-kongress\/\">SZ-Kongress<\/a>.<\/p>\n<\/div><div class=\"fusion-text fusion-text-2\" style=\"text-align:left;\"><p>Ihr erreicht unsere <strong>Landesinformationsstelle Sch\u00fclerzeitung<\/strong> unter:<\/p>\n<\/div><div style=\"text-align:left;\"><span class=\" fusion-imageframe imageframe-none imageframe-1 hover-type-none\"><img decoding=\"async\" width=\"150\" height=\"150\" title=\"Cornelia Eigler 1\" src=\"https:\/\/ifnm.de\/blog\/wp-content\/uploads\/2022\/04\/Cornelia-Eigler-1-1-150x150.jpg\" class=\"img-responsive wp-image-9149\" srcset=\"https:\/\/ifnm.de\/blog\/wp-content\/uploads\/2022\/04\/Cornelia-Eigler-1-1-200x200.jpg 200w, https:\/\/ifnm.de\/blog\/wp-content\/uploads\/2022\/04\/Cornelia-Eigler-1-1-400x400.jpg 400w, https:\/\/ifnm.de\/blog\/wp-content\/uploads\/2022\/04\/Cornelia-Eigler-1-1-600x600.jpg 600w, https:\/\/ifnm.de\/blog\/wp-content\/uploads\/2022\/04\/Cornelia-Eigler-1-1-800x800.jpg 800w, https:\/\/ifnm.de\/blog\/wp-content\/uploads\/2022\/04\/Cornelia-Eigler-1-1-1200x1199.jpg 1200w\" sizes=\"(max-width: 1024px) 100vw, (max-width: 640px) 100vw, 1200px\" \/><\/span><\/div><ul class=\"fusion-checklist fusion-checklist-1\" style=\"font-size:14px;line-height:23.8px;\"><li class=\"fusion-li-item\"><span style=\"background-color:#a0ce4e;font-size:12.32px;height:23.8px;width:23.8px;margin-right:9.8px;\" class=\"icon-wrapper circle-yes\"><i class=\"fusion-li-icon fa-user fas\" style=\"color:#ffffff;\" aria-hidden=\"true\"><\/i><\/span><div class=\"fusion-li-item-content\" style=\"margin-left:33.6px;\">\n<p>Cornelia Eigler<\/p>\n<\/div><\/li><li class=\"fusion-li-item\"><span style=\"background-color:#a0ce4e;font-size:12.32px;height:23.8px;width:23.8px;margin-right:9.8px;\" class=\"icon-wrapper circle-yes\"><i class=\"fusion-li-icon fa-envelope fas\" style=\"color:#ffffff;\" aria-hidden=\"true\"><\/i><\/span><div class=\"fusion-li-item-content\" style=\"margin-left:33.6px;\">\n<p><a href=\"&#109;&#x61;&#x69;&#108;&#x74;&#x6f;:&#x65;&#x69;g&#108;&#x65;r&#64;&#x69;f&#110;&#x6d;&#46;&#100;&#x65;\">&#101;&#x69;&#103;&#x6c;&#101;&#x72;&#64;&#x69;&#102;&#x6e;&#109;&#x2e;&#100;&#x65;<\/a><\/p>\n<\/div><\/li><li class=\"fusion-li-item\"><span style=\"background-color:#a0ce4e;font-size:12.32px;height:23.8px;width:23.8px;margin-right:9.8px;\" class=\"icon-wrapper circle-yes\"><i class=\"fusion-li-icon fa-briefcase fas\" style=\"color:#ffffff;\" aria-hidden=\"true\"><\/i><\/span><div class=\"fusion-li-item-content\" style=\"margin-left:33.6px;\">\n<p>0381 2035442<\/p>\n<\/div><\/li><li class=\"fusion-li-item\"><span style=\"background-color:#a0ce4e;font-size:12.32px;height:23.8px;width:23.8px;margin-right:9.8px;\" class=\"icon-wrapper circle-yes\"><i class=\"fusion-li-icon fa-mobile-alt fas\" style=\"color:#ffffff;\" aria-hidden=\"true\"><\/i><\/span><div class=\"fusion-li-item-content\" style=\"margin-left:33.6px;\">\n<p>0176 58231443<\/p>\n<\/div><\/li><li class=\"fusion-li-item\"><span style=\"background-color:#a0ce4e;font-size:12.32px;height:23.8px;width:23.8px;margin-right:9.8px;\" class=\"icon-wrapper circle-yes\"><i class=\"fusion-li-icon fa-hashtag fas\" style=\"color:#ffffff;\" aria-hidden=\"true\"><\/i><\/span><div class=\"fusion-li-item-content\" style=\"margin-left:33.6px;\">\n<p>lisz.mv<\/p>\n<\/div><\/li><\/ul><div class=\"fusion-text fusion-text-3\"><p>&nbsp;<\/p>\n<p><strong>Zur F\u00f6rderung von Sch\u00fclerzeitungen in Mecklenburg-Vorpommern organisiert die LiSZ verschiedene Projekte:<\/strong><\/p>\n<\/div><div class=\"fusion-separator fusion-full-width-sep\" style=\"align-self: center;margin-left: auto;margin-right: auto;width:100%;\"><div class=\"fusion-separator-border sep-double\" style=\"border-color:#e0dede;border-top-width:1px;border-bottom-width:1px;\"><\/div><\/div><div style=\"text-align:left;\"><style type=\"text\/css\">.fusion-button.button-1 {border-radius:0px;}<\/style><a class=\"fusion-button button-flat fusion-button-default-size button-default button-1 fusion-button-span-yes fusion-button-default-type\" target=\"_self\" href=\"https:\/\/ifnm.de\/blog\/schuelerzeitungswettbewerb\/\"><span class=\"fusion-button-text\">Sch\u00fclerzeitungswettbewerb<\/span><\/a><\/div><div class=\"fusion-separator fusion-full-width-sep\" style=\"align-self: center;margin-left: auto;margin-right: auto;width:100%;\"><div class=\"fusion-separator-border sep-single sep-solid\" style=\"border-color:#e0dede;border-top-width:1px;\"><\/div><\/div><div style=\"text-align:left;\"><style type=\"text\/css\">.fusion-button.button-2 {border-radius:0px;}<\/style><a class=\"fusion-button button-flat button-large button-default button-2 fusion-button-span-yes fusion-button-default-type\" target=\"_self\" href=\"https:\/\/ifnm.de\/blog\/schuelerzeitung\/sz-kongress\/\"><span class=\"fusion-button-text\">SZ-kongress<\/span><\/a><\/div><div class=\"fusion-separator fusion-full-width-sep\" style=\"align-self: center;margin-left: auto;margin-right: auto;width:100%;\"><div class=\"fusion-separator-border sep-single sep-solid\" style=\"border-color:#e0dede;border-top-width:1px;\"><\/div><\/div><div style=\"text-align:left;\"><style type=\"text\/css\">.fusion-button.button-3 {border-radius:0px;}<\/style><a class=\"fusion-button button-flat fusion-button-default-size button-default button-3 fusion-button-span-yes fusion-button-default-type\" target=\"_self\" href=\"https:\/\/ifnm.de\/blog\/schuelerzeitung\/anschubfinanzierung\/\"><span class=\"fusion-button-text\">Anschubfinanzierung<\/span><\/a><\/div><div class=\"fusion-separator fusion-full-width-sep\" style=\"align-self: center;margin-left: auto;margin-right: auto;width:100%;\"><div class=\"fusion-separator-border sep-single sep-solid\" style=\"border-color:#e0dede;border-top-width:1px;\"><\/div><\/div><div style=\"text-align:left;\"><style type=\"text\/css\">.fusion-button.button-4 {border-radius:0px;}<\/style><a class=\"fusion-button button-flat fusion-button-default-size button-default button-4 fusion-button-span-yes fusion-button-default-type\" target=\"_self\" href=\"https:\/\/ifnm.de\/blog\/schuelerzeitung\/szmoocmv-onlinekurs-schuelerzeitung\/\"><span class=\"fusion-button-text\">#SZMOOCMV \u2013 Onlinekurs Sch\u00fclerzeitung<\/span><\/a><\/div><div class=\"fusion-separator fusion-full-width-sep\" style=\"align-self: center;margin-left: auto;margin-right: auto;width:100%;\"><div class=\"fusion-separator-border sep-single sep-solid\" style=\"border-color:#e0dede;border-top-width:1px;\"><\/div><\/div><div style=\"text-align:left;\"><style type=\"text\/css\">.fusion-button.button-5 {border-radius:0px;}<\/style><a class=\"fusion-button button-flat button-large button-default button-5 fusion-button-span-yes fusion-button-default-type\" target=\"_self\" href=\"https:\/\/www.lpb-mv.de\/projekte\/journalismus-macht-schule\/\"><span class=\"fusion-button-text\">Journalismus macht Schule<\/span><\/a><\/div><div class=\"fusion-separator fusion-full-width-sep\" style=\"align-self: center;margin-left: auto;margin-right: auto;width:100%;\"><div class=\"fusion-separator-border sep-single sep-solid\" style=\"border-color:#e0dede;border-top-width:1px;\"><\/div><\/div><div style=\"text-align:left;\"><style type=\"text\/css\">.fusion-button.button-6 {border-radius:0px;}<\/style><a class=\"fusion-button button-flat button-large button-default button-6 fusion-button-span-yes fusion-button-default-type\" target=\"_self\" href=\"https:\/\/www.digireporter.de\"><span class=\"fusion-button-text\">digi.reporter<\/span><\/a><\/div><div class=\"fusion-separator fusion-full-width-sep\" style=\"align-self: center;margin-left: auto;margin-right: auto;width:100%;\"><div class=\"fusion-separator-border sep-single sep-solid\" style=\"border-color:#e0dede;border-top-width:1px;\"><\/div><\/div><div style=\"text-align:left;\"><style type=\"text\/css\">.fusion-button.button-7 {border-radius:0px;}<\/style><a class=\"fusion-button button-flat fusion-button-default-size button-default button-7 fusion-button-span-yes fusion-button-default-type\" target=\"_self\" href=\"https:\/\/ifnm.de\/blog\/schuelerzeitung\/werbeanzeige-anfragen\/\"><span class=\"fusion-button-text\">Werbeanzeigen anfragen<\/span><\/a><\/div><div class=\"fusion-separator fusion-full-width-sep\" style=\"align-self: center;margin-left: auto;margin-right: auto;width:100%;\"><div class=\"fusion-separator-border sep-single sep-solid\" style=\"border-color:#e0dede;border-top-width:1px;\"><\/div><\/div><\/div><style type=\"text\/css\">.fusion-body .fusion-builder-column-0{width:100% !important;margin-top : 0px;margin-bottom : 20px;}.fusion-builder-column-0 > .fusion-column-wrapper {padding-top : 0px !important;padding-right : 0px !important;margin-right : 1.92%;padding-bottom : 0px !important;padding-left : 0px !important;margin-left : 1.92%;}@media only screen and (max-width:1024px) {.fusion-body .fusion-builder-column-0{width:100% !important;order : 0;}.fusion-builder-column-0 > .fusion-column-wrapper {margin-right : 1.92%;margin-left : 1.92%;}}@media only screen and (max-width:640px) {.fusion-body .fusion-builder-column-0{width:100% !important;order : 0;}.fusion-builder-column-0 > .fusion-column-wrapper {margin-right : 1.92%;margin-left : 1.92%;}}<\/style><\/div><\/div><style type=\"text\/css\">.fusion-body .fusion-flex-container.fusion-builder-row-1{ padding-top : 0px;margin-top : 0px;padding-right : 0px;padding-bottom : 0px;margin-bottom : 0px;padding-left : 0px;}<\/style><\/div>\n","protected":false},"excerpt":{"rendered":"","protected":false},"author":15,"featured_media":0,"parent":0,"menu_order":0,"comment_status":"closed","ping_status":"closed","template":"","meta":{"om_disable_all_campaigns":false,"inline_featured_image":false,"_mi_skip_tracking":false,"_monsterinsights_sitenote_active":false,"_monsterinsights_sitenote_note":"","_monsterinsights_sitenote_category":0,"ngg_post_thumbnail":0,"footnotes":"","_links_to":"","_links_to_target":""},"class_list":["post-9106","page","type-page","status-publish","hentry"],"yoast_head":"<!-- This site is optimized with the Yoast SEO plugin v18.5.1 - https:\/\/yoast.com\/wordpress\/plugins\/seo\/ -->\n<title>Sch\u00fclerzeitung - institut f\u00fcr neue medien<\/title>\n<meta name=\"robots\" content=\"index, follow, max-snippet:-1, max-image-preview:large, max-video-preview:-1\" \/>\n<link rel=\"canonical\" href=\"https:\/\/ifnm.de\/blog\/schuelerzeitung\/\" \/>\n<meta property=\"og:locale\" content=\"de_DE\" \/>\n<meta property=\"og:type\" content=\"article\" \/>\n<meta property=\"og:title\" content=\"Sch\u00fclerzeitung - institut f\u00fcr neue medien\" \/>\n<meta property=\"og:url\" content=\"https:\/\/ifnm.de\/blog\/schuelerzeitung\/\" \/>\n<meta property=\"og:site_name\" content=\"institut f\u00fcr neue medien\" \/>\n<meta property=\"article:modified_time\" content=\"2026-04-29T08:22:29+00:00\" \/>\n<meta name=\"twitter:label1\" content=\"Gesch\u00e4tzte Lesezeit\" \/>\n\t<meta name=\"twitter:data1\" content=\"7\u00a0Minuten\" \/>\n<script type=\"application\/ld+json\" class=\"yoast-schema-graph\">{\"@context\":\"https:\/\/schema.org\",\"@graph\":[{\"@type\":\"WebSite\",\"@id\":\"https:\/\/ifnm.de\/blog\/#website\",\"url\":\"https:\/\/ifnm.de\/blog\/\",\"name\":\"institut f\u00fcr neue medien\",\"description\":\"freie bildungsgesellschaft gGmbH\",\"potentialAction\":[{\"@type\":\"SearchAction\",\"target\":{\"@type\":\"EntryPoint\",\"urlTemplate\":\"https:\/\/ifnm.de\/blog\/?s={search_term_string}\"},\"query-input\":\"required name=search_term_string\"}],\"inLanguage\":\"de\"},{\"@type\":\"WebPage\",\"@id\":\"https:\/\/ifnm.de\/blog\/schuelerzeitung\/#webpage\",\"url\":\"https:\/\/ifnm.de\/blog\/schuelerzeitung\/\",\"name\":\"Sch\u00fclerzeitung - institut f\u00fcr neue medien\",\"isPartOf\":{\"@id\":\"https:\/\/ifnm.de\/blog\/#website\"},\"datePublished\":\"2022-04-11T11:44:10+00:00\",\"dateModified\":\"2026-04-29T08:22:29+00:00\",\"breadcrumb\":{\"@id\":\"https:\/\/ifnm.de\/blog\/schuelerzeitung\/#breadcrumb\"},\"inLanguage\":\"de\",\"potentialAction\":[{\"@type\":\"ReadAction\",\"target\":[\"https:\/\/ifnm.de\/blog\/schuelerzeitung\/\"]}]},{\"@type\":\"BreadcrumbList\",\"@id\":\"https:\/\/ifnm.de\/blog\/schuelerzeitung\/#breadcrumb\",\"itemListElement\":[{\"@type\":\"ListItem\",\"position\":1,\"name\":\"Home\",\"item\":\"https:\/\/ifnm.de\/blog\/\"},{\"@type\":\"ListItem\",\"position\":2,\"name\":\"Sch\u00fclerzeitung\"}]}]}<\/script>\n<!-- \/ Yoast SEO plugin. -->","yoast_head_json":{"title":"Sch\u00fclerzeitung - institut f\u00fcr neue medien","robots":{"index":"index","follow":"follow","max-snippet":"max-snippet:-1","max-image-preview":"max-image-preview:large","max-video-preview":"max-video-preview:-1"},"canonical":"https:\/\/ifnm.de\/blog\/schuelerzeitung\/","og_locale":"de_DE","og_type":"article","og_title":"Sch\u00fclerzeitung - institut f\u00fcr neue medien","og_url":"https:\/\/ifnm.de\/blog\/schuelerzeitung\/","og_site_name":"institut f\u00fcr neue medien","article_modified_time":"2026-04-29T08:22:29+00:00","twitter_misc":{"Gesch\u00e4tzte Lesezeit":"7\u00a0Minuten"},"schema":{"@context":"https:\/\/schema.org","@graph":[{"@type":"WebSite","@id":"https:\/\/ifnm.de\/blog\/#website","url":"https:\/\/ifnm.de\/blog\/","name":"institut f\u00fcr neue medien","description":"freie bildungsgesellschaft gGmbH","potentialAction":[{"@type":"SearchAction","target":{"@type":"EntryPoint","urlTemplate":"https:\/\/ifnm.de\/blog\/?s={search_term_string}"},"query-input":"required name=search_term_string"}],"inLanguage":"de"},{"@type":"WebPage","@id":"https:\/\/ifnm.de\/blog\/schuelerzeitung\/#webpage","url":"https:\/\/ifnm.de\/blog\/schuelerzeitung\/","name":"Sch\u00fclerzeitung - institut f\u00fcr neue medien","isPartOf":{"@id":"https:\/\/ifnm.de\/blog\/#website"},"datePublished":"2022-04-11T11:44:10+00:00","dateModified":"2026-04-29T08:22:29+00:00","breadcrumb":{"@id":"https:\/\/ifnm.de\/blog\/schuelerzeitung\/#breadcrumb"},"inLanguage":"de","potentialAction":[{"@type":"ReadAction","target":["https:\/\/ifnm.de\/blog\/schuelerzeitung\/"]}]},{"@type":"BreadcrumbList","@id":"https:\/\/ifnm.de\/blog\/schuelerzeitung\/#breadcrumb","itemListElement":[{"@type":"ListItem","position":1,"name":"Home","item":"https:\/\/ifnm.de\/blog\/"},{"@type":"ListItem","position":2,"name":"Sch\u00fclerzeitung"}]}]}},"_links":{"self":[{"href":"https:\/\/ifnm.de\/blog\/wp-json\/wp\/v2\/pages\/9106","targetHints":{"allow":["GET"]}}],"collection":[{"href":"https:\/\/ifnm.de\/blog\/wp-json\/wp\/v2\/pages"}],"about":[{"href":"https:\/\/ifnm.de\/blog\/wp-json\/wp\/v2\/types\/page"}],"author":[{"embeddable":true,"href":"https:\/\/ifnm.de\/blog\/wp-json\/wp\/v2\/users\/15"}],"replies":[{"embeddable":true,"href":"https:\/\/ifnm.de\/blog\/wp-json\/wp\/v2\/comments?post=9106"}],"version-history":[{"count":62,"href":"https:\/\/ifnm.de\/blog\/wp-json\/wp\/v2\/pages\/9106\/revisions"}],"predecessor-version":[{"id":12208,"href":"https:\/\/ifnm.de\/blog\/wp-json\/wp\/v2\/pages\/9106\/revisions\/12208"}],"wp:attachment":[{"href":"https:\/\/ifnm.de\/blog\/wp-json\/wp\/v2\/media?parent=9106"}],"curies":[{"name":"wp","href":"https:\/\/api.w.org\/{rel}","templated":true}]}}