{"id":1852,"date":"2012-01-19T20:07:04","date_gmt":"2012-01-19T19:07:04","guid":{"rendered":"http:\/\/ifnm.de\/blog\/?page_id=1852"},"modified":"2025-11-10T16:53:25","modified_gmt":"2025-11-10T14:53:25","slug":"medienwerkstatt-rostock","status":"publish","type":"page","link":"https:\/\/ifnm.de\/blog\/about\/medienwerkstatt-rostock\/","title":{"rendered":"Medienwerkstatt Rostock"},"content":{"rendered":"<p><div class=\"fusion-fullwidth fullwidth-box fusion-builder-row-1 nonhundred-percent-fullwidth non-hundred-percent-height-scrolling\" style=\"background-color: rgba(255,255,255,0);background-position: left top;background-repeat: no-repeat;padding-top:20px;padding-right:0px;padding-bottom:20px;padding-left:0px;margin-bottom: 0px;margin-top: 0px;border-width: 0px 0px 0px 0px;border-color:#eae9e9;border-style:solid;\" ><div class=\"fusion-builder-row fusion-row\"><div class=\"fusion-layout-column fusion_builder_column fusion-builder-column-0 fusion_builder_column_1_1 1_1 fusion-one-full fusion-column-first fusion-column-last fusion-column-no-min-height\" style=\"margin-top:0px;margin-bottom:0px;\"><div class=\"fusion-column-wrapper fusion-flex-column-wrapper-legacy\" style=\"background-position:left top;background-repeat:no-repeat;-webkit-background-size:cover;-moz-background-size:cover;-o-background-size:cover;background-size:cover;padding: 0px 0px 0px 0px;\"><style type=\"text\/css\"><\/style><div class=\"fusion-title title fusion-title-1 fusion-sep-none fusion-title-text fusion-title-size-one\" style=\"margin-top:0px;margin-right:0px;margin-bottom:30px;margin-left:0px;\"><h1 class=\"title-heading-left\" style=\"margin:0;\">Medienwerkstatt Rostock<\/h1><\/div><div class=\"fusion-clearfix\"><\/div><\/div><\/div><div class=\"fusion-layout-column fusion_builder_column fusion-builder-column-1 fusion_builder_column_1_3 1_3 fusion-one-third fusion-column-first\" style=\"width:30.6666%; margin-right: 4%;margin-top:0px;margin-bottom:20px;\"><div class=\"fusion-column-wrapper fusion-flex-column-wrapper-legacy\" style=\"background-position:left top;background-repeat:no-repeat;-webkit-background-size:cover;-moz-background-size:cover;-o-background-size:cover;background-size:cover;padding: 0px 0px 0px 0px;\"><span class=\" fusion-imageframe imageframe-none imageframe-1 hover-type-none\"><img decoding=\"async\" src=\"http:\/\/ifnm.de\/blog\/wp-content\/uploads\/2015\/09\/IMG_9345-1024x683.jpg\" class=\"img-responsive\"\/><\/span><div class=\"fusion-clearfix\"><\/div><\/div><\/div><div class=\"fusion-layout-column fusion_builder_column fusion-builder-column-2 fusion_builder_column_2_3 2_3 fusion-two-third fusion-column-last\" style=\"width:65.3333%;margin-top:0px;margin-bottom:20px;\"><div class=\"fusion-column-wrapper fusion-flex-column-wrapper-legacy\" style=\"background-position:left top;background-repeat:no-repeat;-webkit-background-size:cover;-moz-background-size:cover;-o-background-size:cover;background-size:cover;padding: 0px 0px 0px 0px;\"><div class=\"fusion-text fusion-text-1\"><p style=\"text-align: justify;\">Die <strong>Medienwerkstatt Rostock<\/strong> ist eine regionale Kultureinrichtung f\u00fcr Medienbildung. Sie wendet sich mit ihrem Programm vor allem an Jugendliche, aber auch an Erwachsene.<\/p>\n<p style=\"text-align: justify;\">Die Angebote der Medienwerkstatt umfassen neben den modernen audiovisuellen Medien auch die multimedialen Onlinemedien, die in der heutigen Zeit einen immer h\u00f6heren Stellenwert einnehmen. In den Werkst\u00e4tten werden dazu Arbeitsgemeinschaften, Kurse und Workshops angeboten. Das Motto \u201elearning by doing\u201c steht dabei im Vordergrund: Lernen an und in den eigenen Produktionen. Die Medienwerkstatt bietet des weiteren auch Schulen und anderen Bildungseinrichtungen die M\u00f6glichkeit, gemeinsam mit der Medienwerkstatt ihre Projekttage zu gestalten.<\/p>\n<\/div><div class=\"fusion-clearfix\"><\/div><\/div><\/div><div class=\"fusion-layout-column fusion_builder_column fusion-builder-column-3 fusion_builder_column_1_1 1_1 fusion-one-full fusion-column-first fusion-column-last\" style=\"margin-top:0px;margin-bottom:20px;\"><div class=\"fusion-column-wrapper fusion-flex-column-wrapper-legacy\" style=\"background-position:left top;background-repeat:no-repeat;-webkit-background-size:cover;-moz-background-size:cover;-o-background-size:cover;background-size:cover;padding: 0px 0px 0px 0px;\"><div class=\"fusion-text fusion-text-2\"><p data-start=\"159\" data-end=\"481\">Festivals und Wettbewerbe dienen dem Zweck, die Arbeiten des Mediennachwuchses einer breiten \u00d6ffentlichkeit zug\u00e4nglich zu machen. Allen voran das <a href=\"https:\/\/fish-festival.de\">FiSH Filmfestival Rostock<\/a>, das seit 2004 ein grenz\u00fcbergreifendes Forum f\u00fcr den Nachwuchs im Bereich Film darstellt und mittlerweile als feste Kulturgr\u00f6\u00dfe der Hansestadt und die landesweite- sowie europ\u00e4ische Filmszene gilt. Ebenfalls seit einigen Jahren ist die <a href=\"https:\/\/ifnm.de\/blog\/schuelerzeitung\/\">Landesinformationsstelle Sch\u00fclerzeitung<\/a> (LiSZ) ein etabliertes Projekt der MWR. Mit dem j\u00e4hrlich stattfindenden Sch\u00fclerzeitungswettbewerb sowie dem Sch\u00fclerzeitungskongress bietet die LiSZ Unterst\u00fctzung f\u00fcr Sch\u00fclerzeitungsredaktionen aus Mecklenburg-Vorpommern.<\/p>\n<p data-start=\"785\" data-end=\"1136\">Durch Bildungsangebote wie beispielsweise die <a href=\"https:\/\/ifnm.de\/blog\/silversurfer\/\"><em data-start=\"831\" data-end=\"845\">SilverSurfer<\/em><\/a> (ein Projekt, in dem Seniorinnen und Senioren im Umgang mit technischen Ger\u00e4ten geschult und bef\u00e4higt werden, ihr Wissen an andere weiterzugeben) und die <em data-start=\"1000\" data-end=\"1013\">Mad Artists<\/em> (eine Kunstgruppe f\u00fcr Menschen mit Psychiatrieerfahrung) wird das medienp\u00e4dagogische Angebot auf Erwachsene ausgeweitet.<\/p>\n<p data-start=\"1138\" data-end=\"1443\">Die Medienwerkstatt Rostock versteht sich als erg\u00e4nzendes Bildungsangebot zu anderen Bildungseinrichtungen (z. B. Schulen) und zugleich als musisch-kulturelles Freizeitangebot. Der Charakter kulturp\u00e4dagogischer Breitenarbeit bedingt dabei ma\u00dfvolle Teilnahmegeb\u00fchren, um sozialen Ausschluss zu vermeiden.<\/p>\n<\/div><div class=\"fusion-clearfix\"><\/div><\/div><\/div><div class=\"fusion-layout-column fusion_builder_column fusion-builder-column-4 fusion_builder_column_2_3 2_3 fusion-two-third fusion-column-first fusion-column-no-min-height\" style=\"width:65.3333%; margin-right: 4%;margin-top:0px;margin-bottom:0px;\"><div class=\"fusion-column-wrapper fusion-flex-column-wrapper-legacy\" style=\"background-position:left top;background-repeat:no-repeat;-webkit-background-size:cover;-moz-background-size:cover;-o-background-size:cover;background-size:cover;padding: 0px 0px 0px 0px;\"><div class=\"fusion-clearfix\"><\/div><\/div><\/div><div class=\"fusion-layout-column fusion_builder_column fusion-builder-column-5 fusion_builder_column_1_3 1_3 fusion-one-third fusion-column-last\" style=\"width:30.6666%;margin-top:0px;margin-bottom:20px;\"><div class=\"fusion-column-wrapper fusion-flex-column-wrapper-legacy\" style=\"background-position:left top;background-repeat:no-repeat;-webkit-background-size:cover;-moz-background-size:cover;-o-background-size:cover;background-size:cover;padding: 0px 0px 0px 0px;\"><div class=\"fusion-column-content-centered\"><div class=\"fusion-column-content\"><\/div><\/div><div class=\"fusion-clearfix\"><\/div><\/div><\/div><\/div><\/div><div class=\"fusion-fullwidth fullwidth-box fusion-builder-row-2 nonhundred-percent-fullwidth non-hundred-percent-height-scrolling fusion-equal-height-columns\" style=\"background-color: rgba(255,255,255,0);background-position: center center;background-repeat: no-repeat;padding-top:0px;padding-right:0px;padding-bottom:0px;padding-left:0px;margin-bottom: 0px;margin-top: 0px;border-width: 0px 0px 0px 0px;border-color:#eae9e9;border-style:solid;\" ><div class=\"fusion-builder-row fusion-row\"><div class=\"fusion-layout-column fusion_builder_column fusion-builder-column-6 fusion_builder_column_2_3 2_3 fusion-two-third fusion-column-first\" style=\"width:66.6666666667%;width:calc(66.6666666667% - ( ( 4% ) * 0.666666666667 ) );margin-right: 4%;margin-top:0px;margin-bottom:20px;\"><div class=\"fusion-column-wrapper fusion-flex-column-wrapper-legacy\" style=\"background-position:left top;background-repeat:no-repeat;-webkit-background-size:cover;-moz-background-size:cover;-o-background-size:cover;background-size:cover;padding: 0px 0px 0px 0px;\"><div class=\"fusion-column-content-centered\"><div class=\"fusion-column-content\"><style type=\"text\/css\"><\/style><div class=\"fusion-title title fusion-title-2 fusion-sep-none fusion-title-text fusion-title-size-one\" style=\"margin-top:0px;margin-right:0px;margin-bottom:30px;margin-left:0px;\"><h1 class=\"title-heading-left\" style=\"margin:0;\">Aufgaben und Ziele<\/h1><\/div><div class=\"fusion-text fusion-text-3\"><div>\n<p style=\"text-align: justify;\">Die Medienwerkstatt Rostock hat zum Ziel, Jugendliche sowie Erwachsene \u00fcber die praktische Besch\u00e4ftigung mit modernen Medien die in der Wissens- und Informationsgesellschaft abgeforderte Medienkompetenz zu vermitteln &#8211; in der Rolle des Medienrezipienten wie in der Rolle des Medienproduzenten. Die Zielgruppe bilden Heranwachsende in der entscheidenden Phase ihrer kulturellen und medialen Sozialisation. Hauptanliegen der MWR ist es, junge Leute mit der produktiven, gestaltenden Handhabung vertraut zu machen, dabei Talente zu f\u00f6rdern sowie berufliche Orientierung zu unterst\u00fctzen.<br \/>\nGerade der p\u00e4dagogische Umgang mit neuen medialen Erscheinungsformen stellt Eltern, P\u00e4dagogInnen, ErzieherInnen und LehrerInnen vor gro\u00dfe Herausforderungen. Um die Medienrezeption junger Menschen zu verstehen und produktiv im p\u00e4dagogischen Kontext zu nutzen, bedarf es der kontinuierlichen Weiterbildung. Die MWR bietet in diesem Kontext vielf\u00e4ltige Fortbildungen in den Bereichen audiovisuelle Medien, Web 2.0-Medien u.a. an.<\/p>\n<\/div>\n<\/div><\/div><\/div><div class=\"fusion-clearfix\"><\/div><\/div><\/div><div class=\"fusion-layout-column fusion_builder_column fusion-builder-column-7 fusion_builder_column_1_3 1_3 fusion-one-third fusion-column-last\" style=\"width:33.3333333333%;width:calc(33.3333333333% - ( ( 4% ) * 0.333333333333 ) );margin-top:0px;margin-bottom:20px;\"><div class=\"fusion-column-wrapper fusion-flex-column-wrapper-legacy\" style=\"background-position:left top;background-repeat:no-repeat;-webkit-background-size:cover;-moz-background-size:cover;-o-background-size:cover;background-size:cover;padding: 0px 0px 0px 0px;\"><div class=\"fusion-column-content-centered\"><div class=\"fusion-column-content\"><span class=\" fusion-imageframe imageframe-none imageframe-2 hover-type-none\"><img decoding=\"async\" width=\"385\" height=\"191\" title=\"medienwerkstatt-rostock\" src=\"https:\/\/ifnm.de\/blog\/wp-content\/uploads\/2021\/05\/medienwerkstatt-rostock.svg\" class=\"img-responsive wp-image-8722\"\/><\/span><\/div><\/div><div class=\"fusion-clearfix\"><\/div><\/div><\/div><\/div><\/div><\/p>\n","protected":false},"excerpt":{"rendered":"","protected":false},"author":9,"featured_media":0,"parent":63,"menu_order":1,"comment_status":"closed","ping_status":"open","template":"","meta":{"om_disable_all_campaigns":false,"inline_featured_image":false,"_mi_skip_tracking":false,"_monsterinsights_sitenote_active":false,"_monsterinsights_sitenote_note":"","_monsterinsights_sitenote_category":0,"ngg_post_thumbnail":0,"footnotes":"","_links_to":"","_links_to_target":""},"class_list":["post-1852","page","type-page","status-publish","hentry"],"yoast_head":"<!-- This site is optimized with the Yoast SEO plugin v18.5.1 - https:\/\/yoast.com\/wordpress\/plugins\/seo\/ -->\n<title>IfnM | Medienwerkstatt Rostock<\/title>\n<meta name=\"description\" content=\"Die Medienwerkstatt Rostock ist eine regionale Kultureinrichtung f\u00fcr Medienbildung, deren Angebote sich mit audiovisuellen und Onlinemedien besch\u00e4ftigen.\" \/>\n<meta name=\"robots\" content=\"index, follow, max-snippet:-1, max-image-preview:large, max-video-preview:-1\" \/>\n<link rel=\"canonical\" href=\"https:\/\/ifnm.de\/blog\/about\/medienwerkstatt-rostock\/\" \/>\n<meta property=\"og:locale\" content=\"de_DE\" \/>\n<meta property=\"og:type\" content=\"article\" \/>\n<meta property=\"og:title\" content=\"IfnM | Medienwerkstatt Rostock\" \/>\n<meta property=\"og:description\" content=\"Die Medienwerkstatt Rostock ist eine regionale Kultureinrichtung f\u00fcr Medienbildung, deren Angebote sich mit audiovisuellen und Onlinemedien besch\u00e4ftigen.\" \/>\n<meta property=\"og:url\" content=\"https:\/\/ifnm.de\/blog\/about\/medienwerkstatt-rostock\/\" \/>\n<meta property=\"og:site_name\" content=\"institut f\u00fcr neue medien\" \/>\n<meta property=\"article:modified_time\" content=\"2025-11-10T14:53:25+00:00\" \/>\n<meta property=\"og:image\" content=\"http:\/\/ifnm.de\/blog\/wp-content\/uploads\/2015\/09\/IMG_9345-1024x683.jpg\" \/>\n<meta name=\"twitter:label1\" content=\"Gesch\u00e4tzte Lesezeit\" \/>\n\t<meta name=\"twitter:data1\" content=\"4\u00a0Minuten\" \/>\n<script type=\"application\/ld+json\" class=\"yoast-schema-graph\">{\"@context\":\"https:\/\/schema.org\",\"@graph\":[{\"@type\":\"WebSite\",\"@id\":\"https:\/\/ifnm.de\/blog\/#website\",\"url\":\"https:\/\/ifnm.de\/blog\/\",\"name\":\"institut f\u00fcr neue medien\",\"description\":\"freie bildungsgesellschaft gGmbH\",\"potentialAction\":[{\"@type\":\"SearchAction\",\"target\":{\"@type\":\"EntryPoint\",\"urlTemplate\":\"https:\/\/ifnm.de\/blog\/?s={search_term_string}\"},\"query-input\":\"required name=search_term_string\"}],\"inLanguage\":\"de\"},{\"@type\":\"ImageObject\",\"@id\":\"https:\/\/ifnm.de\/blog\/about\/medienwerkstatt-rostock\/#primaryimage\",\"inLanguage\":\"de\",\"url\":\"http:\/\/ifnm.de\/blog\/wp-content\/uploads\/2015\/09\/IMG_9345-1024x683.jpg\",\"contentUrl\":\"http:\/\/ifnm.de\/blog\/wp-content\/uploads\/2015\/09\/IMG_9345-1024x683.jpg\"},{\"@type\":\"WebPage\",\"@id\":\"https:\/\/ifnm.de\/blog\/about\/medienwerkstatt-rostock\/#webpage\",\"url\":\"https:\/\/ifnm.de\/blog\/about\/medienwerkstatt-rostock\/\",\"name\":\"IfnM | Medienwerkstatt Rostock\",\"isPartOf\":{\"@id\":\"https:\/\/ifnm.de\/blog\/#website\"},\"primaryImageOfPage\":{\"@id\":\"https:\/\/ifnm.de\/blog\/about\/medienwerkstatt-rostock\/#primaryimage\"},\"datePublished\":\"2012-01-19T19:07:04+00:00\",\"dateModified\":\"2025-11-10T14:53:25+00:00\",\"description\":\"Die Medienwerkstatt Rostock ist eine regionale Kultureinrichtung f\u00fcr Medienbildung, deren Angebote sich mit audiovisuellen und Onlinemedien besch\u00e4ftigen.\",\"breadcrumb\":{\"@id\":\"https:\/\/ifnm.de\/blog\/about\/medienwerkstatt-rostock\/#breadcrumb\"},\"inLanguage\":\"de\",\"potentialAction\":[{\"@type\":\"ReadAction\",\"target\":[\"https:\/\/ifnm.de\/blog\/about\/medienwerkstatt-rostock\/\"]}]},{\"@type\":\"BreadcrumbList\",\"@id\":\"https:\/\/ifnm.de\/blog\/about\/medienwerkstatt-rostock\/#breadcrumb\",\"itemListElement\":[{\"@type\":\"ListItem\",\"position\":1,\"name\":\"Home\",\"item\":\"https:\/\/ifnm.de\/blog\/\"},{\"@type\":\"ListItem\",\"position\":2,\"name\":\"\u00dcber uns\",\"item\":\"https:\/\/ifnm.de\/blog\/about\/\"},{\"@type\":\"ListItem\",\"position\":3,\"name\":\"Medienwerkstatt Rostock\"}]}]}<\/script>\n<!-- \/ Yoast SEO plugin. -->","yoast_head_json":{"title":"IfnM | Medienwerkstatt Rostock","description":"Die Medienwerkstatt Rostock ist eine regionale Kultureinrichtung f\u00fcr Medienbildung, deren Angebote sich mit audiovisuellen und Onlinemedien besch\u00e4ftigen.","robots":{"index":"index","follow":"follow","max-snippet":"max-snippet:-1","max-image-preview":"max-image-preview:large","max-video-preview":"max-video-preview:-1"},"canonical":"https:\/\/ifnm.de\/blog\/about\/medienwerkstatt-rostock\/","og_locale":"de_DE","og_type":"article","og_title":"IfnM | Medienwerkstatt Rostock","og_description":"Die Medienwerkstatt Rostock ist eine regionale Kultureinrichtung f\u00fcr Medienbildung, deren Angebote sich mit audiovisuellen und Onlinemedien besch\u00e4ftigen.","og_url":"https:\/\/ifnm.de\/blog\/about\/medienwerkstatt-rostock\/","og_site_name":"institut f\u00fcr neue medien","article_modified_time":"2025-11-10T14:53:25+00:00","og_image":[{"url":"http:\/\/ifnm.de\/blog\/wp-content\/uploads\/2015\/09\/IMG_9345-1024x683.jpg"}],"twitter_misc":{"Gesch\u00e4tzte Lesezeit":"4\u00a0Minuten"},"schema":{"@context":"https:\/\/schema.org","@graph":[{"@type":"WebSite","@id":"https:\/\/ifnm.de\/blog\/#website","url":"https:\/\/ifnm.de\/blog\/","name":"institut f\u00fcr neue medien","description":"freie bildungsgesellschaft gGmbH","potentialAction":[{"@type":"SearchAction","target":{"@type":"EntryPoint","urlTemplate":"https:\/\/ifnm.de\/blog\/?s={search_term_string}"},"query-input":"required name=search_term_string"}],"inLanguage":"de"},{"@type":"ImageObject","@id":"https:\/\/ifnm.de\/blog\/about\/medienwerkstatt-rostock\/#primaryimage","inLanguage":"de","url":"http:\/\/ifnm.de\/blog\/wp-content\/uploads\/2015\/09\/IMG_9345-1024x683.jpg","contentUrl":"http:\/\/ifnm.de\/blog\/wp-content\/uploads\/2015\/09\/IMG_9345-1024x683.jpg"},{"@type":"WebPage","@id":"https:\/\/ifnm.de\/blog\/about\/medienwerkstatt-rostock\/#webpage","url":"https:\/\/ifnm.de\/blog\/about\/medienwerkstatt-rostock\/","name":"IfnM | Medienwerkstatt Rostock","isPartOf":{"@id":"https:\/\/ifnm.de\/blog\/#website"},"primaryImageOfPage":{"@id":"https:\/\/ifnm.de\/blog\/about\/medienwerkstatt-rostock\/#primaryimage"},"datePublished":"2012-01-19T19:07:04+00:00","dateModified":"2025-11-10T14:53:25+00:00","description":"Die Medienwerkstatt Rostock ist eine regionale Kultureinrichtung f\u00fcr Medienbildung, deren Angebote sich mit audiovisuellen und Onlinemedien besch\u00e4ftigen.","breadcrumb":{"@id":"https:\/\/ifnm.de\/blog\/about\/medienwerkstatt-rostock\/#breadcrumb"},"inLanguage":"de","potentialAction":[{"@type":"ReadAction","target":["https:\/\/ifnm.de\/blog\/about\/medienwerkstatt-rostock\/"]}]},{"@type":"BreadcrumbList","@id":"https:\/\/ifnm.de\/blog\/about\/medienwerkstatt-rostock\/#breadcrumb","itemListElement":[{"@type":"ListItem","position":1,"name":"Home","item":"https:\/\/ifnm.de\/blog\/"},{"@type":"ListItem","position":2,"name":"\u00dcber uns","item":"https:\/\/ifnm.de\/blog\/about\/"},{"@type":"ListItem","position":3,"name":"Medienwerkstatt Rostock"}]}]}},"_links":{"self":[{"href":"https:\/\/ifnm.de\/blog\/wp-json\/wp\/v2\/pages\/1852","targetHints":{"allow":["GET"]}}],"collection":[{"href":"https:\/\/ifnm.de\/blog\/wp-json\/wp\/v2\/pages"}],"about":[{"href":"https:\/\/ifnm.de\/blog\/wp-json\/wp\/v2\/types\/page"}],"author":[{"embeddable":true,"href":"https:\/\/ifnm.de\/blog\/wp-json\/wp\/v2\/users\/9"}],"replies":[{"embeddable":true,"href":"https:\/\/ifnm.de\/blog\/wp-json\/wp\/v2\/comments?post=1852"}],"version-history":[{"count":34,"href":"https:\/\/ifnm.de\/blog\/wp-json\/wp\/v2\/pages\/1852\/revisions"}],"predecessor-version":[{"id":11805,"href":"https:\/\/ifnm.de\/blog\/wp-json\/wp\/v2\/pages\/1852\/revisions\/11805"}],"up":[{"embeddable":true,"href":"https:\/\/ifnm.de\/blog\/wp-json\/wp\/v2\/pages\/63"}],"wp:attachment":[{"href":"https:\/\/ifnm.de\/blog\/wp-json\/wp\/v2\/media?parent=1852"}],"curies":[{"name":"wp","href":"https:\/\/api.w.org\/{rel}","templated":true}]}}